{"id":8097,"date":"2024-11-24T11:28:12","date_gmt":"2024-11-24T10:28:12","guid":{"rendered":"https:\/\/winandofficews.com\/?post_type=product&#038;p=8097"},"modified":"2026-04-03T11:48:47","modified_gmt":"2026-04-03T09:48:47","slug":"microsoft-windows-11-professional-microsoft-project-2024-professional-license-for-3-devices","status":"publish","type":"product","link":"https:\/\/winandofficews.com\/en\/product\/microsoft-windows-11-professional-microsoft-project-2024-professional-license-for-3-devices\/","title":{"rendered":"Microsoft Windows 11 Professional + Microsoft Project 2024 Professional License for 3 PCs"},"content":{"rendered":"<h3>Microsoft Windows 11 Professional License for 3 PC<\/h3>\n<p><strong>With this license, the software can be activated on 3 different devices, e.g. home PC, notebook and work PC<\/strong><\/p>\n<p><strong>30 days full refund - Lifetime replacement guarantee!!!<\/strong><\/p>\n<p><strong>System requirements:<\/strong><\/p>\n<p>Make sure you are ready for the latest and greatest operating system from Microsoft!<\/p>\n<p>These are the basic requirements for installing Microsoft Windows 11 on a PC. If your device does not meet these requirements, you may not be able to install Microsoft Windows 11 on your device and should consider purchasing a new PC. If you are unsure whether your PC meets these requirements, you can check with your PC original equipment manufacturer (OEM) or, if your device is already running Microsoft Windows 10, use the PC Health Check app to check compatibility (<a href=\"https:\/\/aka.ms\/GetPCHealthCheckApp\">to download<\/a>).<\/p>\n<ul>\n<li><strong>Processor:<\/strong> 1 gigahertz (GHz) or faster with 2 or more cores on a compatible 64-bit processor or SoC<\/li>\n<li><strong>RAM:<\/strong> 4 GB<\/li>\n<li><strong>Storage space:<\/strong> 64 GB or more<\/li>\n<li><strong>System firmware:<\/strong> UEFI, Secure Boot capable<\/li>\n<li><strong>TPM:<\/strong> Trusted Platform Module (TPM) Version 2.0<\/li>\n<li><strong>Graphics card:<\/strong> Compatible with DirectX 12 or higher with WDDM 2.0 driver<\/li>\n<li><strong>Display:<\/strong> High-resolution display (720p) larger than 9 inches, 8 bits per color channel<\/li>\n<li><strong>Internet connection and Microsoft account:<\/strong> Required for updates and some functions<\/li>\n<\/ul>\n<hr \/>\n<h3>Microsoft Project 2024 Professional Plus License for 3 PC<\/h3>\n<p><strong>With this license, the software can be activated on 3 different devices, e.g. home PC, notebook and work PC<\/strong><\/p>\n<p><strong>30 days full refund - Lifetime replacement guarantee!!!<\/strong><\/p>\n<p>Microsoft Project 2024 offers new features and improvements that help teams organize their work even more effectively, manage tasks and manage budgets and resources. This version offers important new features for beginners and professionals:<\/p>\n<ul>\n<li>New, more intuitive and customizable user interface<\/li>\n<li>Ready-made templates for a quick project start<\/li>\n<li>Integration with Project Online and Project Server<\/li>\n<li>What-if scenarios to optimize the distribution of tasks<\/li>\n<li>Automatic planning based on dependencies<\/li>\n<li>Multiple timelines for better visualization<\/li>\n<li>New analysis and presentation functions (incl. Kanban and Scrum)<\/li>\n<li>Support for Agile, Scrum, Waterfall and hybrid methods<\/li>\n<\/ul>\n<p><strong>Support:<\/strong><\/p>\n<p>If you have any questions, please do not hesitate to <a href=\"mailto:contact@winandofficews.com\">by e-mail<\/a> to contact us. Our customer support is available 7 days a week, 24 hours a day.<\/p>","protected":false},"excerpt":{"rendered":"<ul>\n<li>Microsoft Windows 11 Professional License for 3 PC<\/li>\n<li>Microsoft Project 2024 Professional License for 3 PC<\/li>\n<li><strong>With this license, the software can be activated on 3 different devices<\/strong>, e.g. home PC, notebook and work PC<\/li>\n<li><strong>30 days full refund - Lifetime replacement guarantee!!!<\/strong><\/li>\n<li>Version for 64-bit systems<\/li>\n<li>Delivery by e-mail: Product key, instructions, download links, invoice<\/li>\n<li>Instant download!<\/li>\n<li>No time limit, no subscription<\/li>\n<li>Free support for installation and activation<\/li>\n<li>No delivery on data carriers (USB, CD, etc.)<\/li>\n<li>Activation online and by phone<\/li>\n<li>For Microsoft Windows<\/li>\n<li><strong>This product is compatible with Windows.<\/strong><\/li>\n<li><strong>NOT compatible with Apple macOS\u2122, Apple processors, Parallels for Mac, Android devices and Chromebooks.<\/strong><\/li>\n<\/ul>","protected":false},"featured_media":8098,"comment_status":"open","ping_status":"closed","template":"","meta":{"_acf_changed":false},"product_brand":[],"product_cat":[157,155,158,156,267,270,269],"product_tag":[159,161],"class_list":{"0":"post-8097","1":"product","2":"type-product","3":"status-publish","4":"has-post-thumbnail","6":"product_cat-combo","7":"product_cat-microsoft-office","8":"product_cat-microsoft-windows","9":"product_cat-popular","10":"product_cat-project","11":"product_cat-windows-11-windows-desktop","12":"product_cat-windows-desktop","13":"product_tag-office","14":"product_tag-windows-11","16":"first","17":"instock","18":"sale","19":"featured","20":"virtual","21":"taxable","22":"purchasable","23":"product-type-simple"},"acf":[],"yoast_head":"<!-- This site is optimized with the Yoast SEO plugin v27.4 - https:\/\/yoast.com\/product\/yoast-seo-wordpress\/ -->\n<title>Microsoft Windows 11 Professional + Microsoft Project 2024 Professional Lizenz f\u00fcr 3 PC - Win &amp; Office WS<\/title>\n<meta name=\"robots\" content=\"index, follow, max-snippet:-1, max-image-preview:large, max-video-preview:-1\" \/>\n<link rel=\"canonical\" href=\"https:\/\/winandofficews.com\/en\/product\/microsoft-windows-11-professional-microsoft-project-2024-professional-license-for-3-devices\/\" \/>\n<meta property=\"og:locale\" content=\"en_US\" \/>\n<meta property=\"og:type\" content=\"article\" \/>\n<meta property=\"og:title\" content=\"Microsoft Windows 11 Professional + Microsoft Project 2024 Professional Lizenz f\u00fcr 3 PC - Win &amp; Office WS\" \/>\n<meta property=\"og:description\" content=\"Microsoft Windows 11 Professional Lizenz f\u00fcr 3 PC  Microsoft Project 2024 Professional Lizenz f\u00fcr 3 PC  Mit dieser Lizenz kann die Software auf 3 verschiedenen Ger\u00e4ten aktiviert werden, z.B. Heim-PC, Notebook und Arbeits-PC  30 Tage volle R\u00fcckerstattung - Lebenslange Ersatzgarantie!!!  Version f\u00fcr 64-Bit Systeme  Versand per E-Mail: Produktschl\u00fcssel, Anleitung, Downloadlinks, Rechnung  Sofort-Download!  Keine zeitliche Begrenzung, kein Abo  Gratis Support bei der Installation und Aktivierung  Keine Lieferung auf Datentr\u00e4ger (USB, CD, usw.)  Aktivierung online und per Telefon  F\u00fcr Microsoft Windows  Dieses Produkt ist mit Windows kompatibel.  NICHT kompatibel mit Apple macOS\u2122, Apple-Prozessoren, Parallels f\u00fcr Mac, Android-Ger\u00e4ten und Chromebooks.\" \/>\n<meta property=\"og:url\" content=\"https:\/\/winandofficews.com\/en\/product\/microsoft-windows-11-professional-microsoft-project-2024-professional-license-for-3-devices\/\" \/>\n<meta property=\"og:site_name\" content=\"Win &amp; Office WS\" \/>\n<meta property=\"article:publisher\" content=\"https:\/\/www.facebook.com\/winandofficews\/\" \/>\n<meta property=\"article:modified_time\" content=\"2026-04-03T09:48:47+00:00\" \/>\n<meta property=\"og:image\" content=\"https:\/\/winandofficews.com\/wp-content\/uploads\/W11PP24P.png\" \/>\n\t<meta property=\"og:image:width\" content=\"600\" \/>\n\t<meta property=\"og:image:height\" content=\"600\" \/>\n\t<meta property=\"og:image:type\" content=\"image\/png\" \/>\n<meta name=\"twitter:card\" content=\"summary_large_image\" \/>\n<meta name=\"twitter:site\" content=\"@WINDOWSANDOFFI1\" \/>\n<meta name=\"twitter:label1\" content=\"Est. reading time\" \/>\n\t<meta name=\"twitter:data1\" content=\"3 minutes\" \/>\n<script type=\"application\/ld+json\" class=\"yoast-schema-graph\">{\"@context\":\"https:\\\/\\\/schema.org\",\"@graph\":[{\"@type\":\"WebPage\",\"@id\":\"https:\\\/\\\/winandofficews.com\\\/product\\\/microsoft-windows-11-professional-microsoft-project-2024-professional-license-for-3-devices\\\/\",\"url\":\"https:\\\/\\\/winandofficews.com\\\/product\\\/microsoft-windows-11-professional-microsoft-project-2024-professional-license-for-3-devices\\\/\",\"name\":\"Microsoft Windows 11 Professional + Microsoft Project 2024 Professional Lizenz f\u00fcr 3 PC - Win &amp; Office WS\",\"isPartOf\":{\"@id\":\"https:\\\/\\\/winandofficews.com\\\/#website\"},\"primaryImageOfPage\":{\"@id\":\"https:\\\/\\\/winandofficews.com\\\/product\\\/microsoft-windows-11-professional-microsoft-project-2024-professional-license-for-3-devices\\\/#primaryimage\"},\"image\":{\"@id\":\"https:\\\/\\\/winandofficews.com\\\/product\\\/microsoft-windows-11-professional-microsoft-project-2024-professional-license-for-3-devices\\\/#primaryimage\"},\"thumbnailUrl\":\"https:\\\/\\\/winandofficews.com\\\/wp-content\\\/uploads\\\/W11PP24P.png\",\"datePublished\":\"2024-11-24T10:28:12+00:00\",\"dateModified\":\"2026-04-03T09:48:47+00:00\",\"breadcrumb\":{\"@id\":\"https:\\\/\\\/winandofficews.com\\\/product\\\/microsoft-windows-11-professional-microsoft-project-2024-professional-license-for-3-devices\\\/#breadcrumb\"},\"inLanguage\":\"en-US\",\"potentialAction\":[{\"@type\":\"ReadAction\",\"target\":[\"https:\\\/\\\/winandofficews.com\\\/product\\\/microsoft-windows-11-professional-microsoft-project-2024-professional-license-for-3-devices\\\/\"]}]},{\"@type\":\"ImageObject\",\"inLanguage\":\"en-US\",\"@id\":\"https:\\\/\\\/winandofficews.com\\\/product\\\/microsoft-windows-11-professional-microsoft-project-2024-professional-license-for-3-devices\\\/#primaryimage\",\"url\":\"https:\\\/\\\/winandofficews.com\\\/wp-content\\\/uploads\\\/W11PP24P.png\",\"contentUrl\":\"https:\\\/\\\/winandofficews.com\\\/wp-content\\\/uploads\\\/W11PP24P.png\",\"width\":600,\"height\":600},{\"@type\":\"BreadcrumbList\",\"@id\":\"https:\\\/\\\/winandofficews.com\\\/product\\\/microsoft-windows-11-professional-microsoft-project-2024-professional-license-for-3-devices\\\/#breadcrumb\",\"itemListElement\":[{\"@type\":\"ListItem\",\"position\":1,\"name\":\"Home\",\"item\":\"https:\\\/\\\/winandofficews.com\\\/\"},{\"@type\":\"ListItem\",\"position\":2,\"name\":\"Shop\",\"item\":\"https:\\\/\\\/winandofficews.com\\\/shop\\\/\"},{\"@type\":\"ListItem\",\"position\":3,\"name\":\"Microsoft Windows 11 Professional + Microsoft Project 2024 Professional Lizenz f\u00fcr 3 PC\"}]},{\"@type\":\"WebSite\",\"@id\":\"https:\\\/\\\/winandofficews.com\\\/#website\",\"url\":\"https:\\\/\\\/winandofficews.com\\\/\",\"name\":\"Win & Office WS\",\"description\":\"Wholesales Store of Office\",\"publisher\":{\"@id\":\"https:\\\/\\\/winandofficews.com\\\/#organization\"},\"potentialAction\":[{\"@type\":\"SearchAction\",\"target\":{\"@type\":\"EntryPoint\",\"urlTemplate\":\"https:\\\/\\\/winandofficews.com\\\/?s={search_term_string}\"},\"query-input\":{\"@type\":\"PropertyValueSpecification\",\"valueRequired\":true,\"valueName\":\"search_term_string\"}}],\"inLanguage\":\"en-US\"},{\"@type\":\"Organization\",\"@id\":\"https:\\\/\\\/winandofficews.com\\\/#organization\",\"name\":\"Win & Office WS\",\"url\":\"https:\\\/\\\/winandofficews.com\\\/\",\"logo\":{\"@type\":\"ImageObject\",\"inLanguage\":\"en-US\",\"@id\":\"https:\\\/\\\/winandofficews.com\\\/#\\\/schema\\\/logo\\\/image\\\/\",\"url\":\"https:\\\/\\\/winandofficews.com\\\/wp-content\\\/uploads\\\/logo14.png\",\"contentUrl\":\"https:\\\/\\\/winandofficews.com\\\/wp-content\\\/uploads\\\/logo14.png\",\"width\":322,\"height\":116,\"caption\":\"Win & Office WS\"},\"image\":{\"@id\":\"https:\\\/\\\/winandofficews.com\\\/#\\\/schema\\\/logo\\\/image\\\/\"},\"sameAs\":[\"https:\\\/\\\/www.facebook.com\\\/winandofficews\\\/\",\"https:\\\/\\\/x.com\\\/WINDOWSANDOFFI1\",\"https:\\\/\\\/www.instagram.com\\\/winandoffice.ws\\\/\",\"https:\\\/\\\/de.pinterest.com\\\/winandofficews_official\\\/\",\"https:\\\/\\\/www.tiktok.com\\\/@winandofficews\",\"https:\\\/\\\/www.youtube.com\\\/channel\\\/UCPI87ZZIvl272mOtG5sL8Cg\",\"https:\\\/\\\/de.trustpilot.com\\\/review\\\/winandofficews.com\",\"https:\\\/\\\/www.trustami.com\\\/review\\\/win-and-office-wholesales-rating\"]}]}<\/script>\n<!-- \/ Yoast SEO plugin. -->","yoast_head_json":{"title":"Microsoft Windows 11 Professional + Microsoft Project 2024 Professional Lizenz f\u00fcr 3 PC - Win &amp; Office WS","robots":{"index":"index","follow":"follow","max-snippet":"max-snippet:-1","max-image-preview":"max-image-preview:large","max-video-preview":"max-video-preview:-1"},"canonical":"https:\/\/winandofficews.com\/en\/product\/microsoft-windows-11-professional-microsoft-project-2024-professional-license-for-3-devices\/","og_locale":"en_US","og_type":"article","og_title":"Microsoft Windows 11 Professional + Microsoft Project 2024 Professional Lizenz f\u00fcr 3 PC - Win &amp; Office WS","og_description":"Microsoft Windows 11 Professional Lizenz f\u00fcr 3 PC  Microsoft Project 2024 Professional Lizenz f\u00fcr 3 PC  Mit dieser Lizenz kann die Software auf 3 verschiedenen Ger\u00e4ten aktiviert werden, z.B. Heim-PC, Notebook und Arbeits-PC  30 Tage volle R\u00fcckerstattung - Lebenslange Ersatzgarantie!!!  Version f\u00fcr 64-Bit Systeme  Versand per E-Mail: Produktschl\u00fcssel, Anleitung, Downloadlinks, Rechnung  Sofort-Download!  Keine zeitliche Begrenzung, kein Abo  Gratis Support bei der Installation und Aktivierung  Keine Lieferung auf Datentr\u00e4ger (USB, CD, usw.)  Aktivierung online und per Telefon  F\u00fcr Microsoft Windows  Dieses Produkt ist mit Windows kompatibel.  NICHT kompatibel mit Apple macOS\u2122, Apple-Prozessoren, Parallels f\u00fcr Mac, Android-Ger\u00e4ten und Chromebooks.","og_url":"https:\/\/winandofficews.com\/en\/product\/microsoft-windows-11-professional-microsoft-project-2024-professional-license-for-3-devices\/","og_site_name":"Win &amp; Office WS","article_publisher":"https:\/\/www.facebook.com\/winandofficews\/","article_modified_time":"2026-04-03T09:48:47+00:00","og_image":[{"width":600,"height":600,"url":"https:\/\/winandofficews.com\/wp-content\/uploads\/W11PP24P.png","type":"image\/png"}],"twitter_card":"summary_large_image","twitter_site":"@WINDOWSANDOFFI1","twitter_misc":{"Est. reading time":"3 minutes"},"schema":{"@context":"https:\/\/schema.org","@graph":[{"@type":"WebPage","@id":"https:\/\/winandofficews.com\/product\/microsoft-windows-11-professional-microsoft-project-2024-professional-license-for-3-devices\/","url":"https:\/\/winandofficews.com\/product\/microsoft-windows-11-professional-microsoft-project-2024-professional-license-for-3-devices\/","name":"Microsoft Windows 11 Professional + Microsoft Project 2024 Professional Lizenz f\u00fcr 3 PC - Win &amp; Office WS","isPartOf":{"@id":"https:\/\/winandofficews.com\/#website"},"primaryImageOfPage":{"@id":"https:\/\/winandofficews.com\/product\/microsoft-windows-11-professional-microsoft-project-2024-professional-license-for-3-devices\/#primaryimage"},"image":{"@id":"https:\/\/winandofficews.com\/product\/microsoft-windows-11-professional-microsoft-project-2024-professional-license-for-3-devices\/#primaryimage"},"thumbnailUrl":"https:\/\/winandofficews.com\/wp-content\/uploads\/W11PP24P.png","datePublished":"2024-11-24T10:28:12+00:00","dateModified":"2026-04-03T09:48:47+00:00","breadcrumb":{"@id":"https:\/\/winandofficews.com\/product\/microsoft-windows-11-professional-microsoft-project-2024-professional-license-for-3-devices\/#breadcrumb"},"inLanguage":"en-US","potentialAction":[{"@type":"ReadAction","target":["https:\/\/winandofficews.com\/product\/microsoft-windows-11-professional-microsoft-project-2024-professional-license-for-3-devices\/"]}]},{"@type":"ImageObject","inLanguage":"en-US","@id":"https:\/\/winandofficews.com\/product\/microsoft-windows-11-professional-microsoft-project-2024-professional-license-for-3-devices\/#primaryimage","url":"https:\/\/winandofficews.com\/wp-content\/uploads\/W11PP24P.png","contentUrl":"https:\/\/winandofficews.com\/wp-content\/uploads\/W11PP24P.png","width":600,"height":600},{"@type":"BreadcrumbList","@id":"https:\/\/winandofficews.com\/product\/microsoft-windows-11-professional-microsoft-project-2024-professional-license-for-3-devices\/#breadcrumb","itemListElement":[{"@type":"ListItem","position":1,"name":"Home","item":"https:\/\/winandofficews.com\/"},{"@type":"ListItem","position":2,"name":"Shop","item":"https:\/\/winandofficews.com\/shop\/"},{"@type":"ListItem","position":3,"name":"Microsoft Windows 11 Professional + Microsoft Project 2024 Professional Lizenz f\u00fcr 3 PC"}]},{"@type":"WebSite","@id":"https:\/\/winandofficews.com\/#website","url":"https:\/\/winandofficews.com\/","name":"Win &amp; Office WS","description":"Wholesales Store of Office","publisher":{"@id":"https:\/\/winandofficews.com\/#organization"},"potentialAction":[{"@type":"SearchAction","target":{"@type":"EntryPoint","urlTemplate":"https:\/\/winandofficews.com\/?s={search_term_string}"},"query-input":{"@type":"PropertyValueSpecification","valueRequired":true,"valueName":"search_term_string"}}],"inLanguage":"en-US"},{"@type":"Organization","@id":"https:\/\/winandofficews.com\/#organization","name":"Win &amp; Office WS","url":"https:\/\/winandofficews.com\/","logo":{"@type":"ImageObject","inLanguage":"en-US","@id":"https:\/\/winandofficews.com\/#\/schema\/logo\/image\/","url":"https:\/\/winandofficews.com\/wp-content\/uploads\/logo14.png","contentUrl":"https:\/\/winandofficews.com\/wp-content\/uploads\/logo14.png","width":322,"height":116,"caption":"Win & Office WS"},"image":{"@id":"https:\/\/winandofficews.com\/#\/schema\/logo\/image\/"},"sameAs":["https:\/\/www.facebook.com\/winandofficews\/","https:\/\/x.com\/WINDOWSANDOFFI1","https:\/\/www.instagram.com\/winandoffice.ws\/","https:\/\/de.pinterest.com\/winandofficews_official\/","https:\/\/www.tiktok.com\/@winandofficews","https:\/\/www.youtube.com\/channel\/UCPI87ZZIvl272mOtG5sL8Cg","https:\/\/de.trustpilot.com\/review\/winandofficews.com","https:\/\/www.trustami.com\/review\/win-and-office-wholesales-rating"]}]}},"_links":{"self":[{"href":"https:\/\/winandofficews.com\/en\/wp-json\/wp\/v2\/product\/8097","targetHints":{"allow":["GET"]}}],"collection":[{"href":"https:\/\/winandofficews.com\/en\/wp-json\/wp\/v2\/product"}],"about":[{"href":"https:\/\/winandofficews.com\/en\/wp-json\/wp\/v2\/types\/product"}],"replies":[{"embeddable":true,"href":"https:\/\/winandofficews.com\/en\/wp-json\/wp\/v2\/comments?post=8097"}],"wp:featuredmedia":[{"embeddable":true,"href":"https:\/\/winandofficews.com\/en\/wp-json\/wp\/v2\/media\/8098"}],"wp:attachment":[{"href":"https:\/\/winandofficews.com\/en\/wp-json\/wp\/v2\/media?parent=8097"}],"wp:term":[{"taxonomy":"product_brand","embeddable":true,"href":"https:\/\/winandofficews.com\/en\/wp-json\/wp\/v2\/product_brand?post=8097"},{"taxonomy":"product_cat","embeddable":true,"href":"https:\/\/winandofficews.com\/en\/wp-json\/wp\/v2\/product_cat?post=8097"},{"taxonomy":"product_tag","embeddable":true,"href":"https:\/\/winandofficews.com\/en\/wp-json\/wp\/v2\/product_tag?post=8097"}],"curies":[{"name":"wp","href":"https:\/\/api.w.org\/{rel}","templated":true}]}}