{"id":8085,"date":"2024-11-24T11:27:48","date_gmt":"2024-11-24T10:27:48","guid":{"rendered":"https:\/\/winandofficews.com\/?post_type=product&#038;p=8085"},"modified":"2026-04-03T11:48:39","modified_gmt":"2026-04-03T09:48:39","slug":"microsoft-office-2024-standard-microsoft-office-2024-professional-plus-license-for-3-devices","status":"publish","type":"product","link":"https:\/\/winandofficews.com\/en\/product\/microsoft-office-2024-standard-microsoft-office-2024-professional-plus-license-for-3-devices\/","title":{"rendered":"Microsoft Office 2024 Standard + Microsoft Office 2024 Professional Plus for 3 PCs"},"content":{"rendered":"<h3>Microsoft Office 2024 Standard<\/h3>\n<p><strong>With this license, the software can be activated on 3 different devices, e.g. home PC, notebook and work PC.<\/strong><\/p>\n<p>Microsoft Office-Anwender, die zu Hause oder im B\u00fcro die volle Bandbreite an Anwendungen nutzen, sind mit der Microsoft Office 2024 Standard Edition gut beraten. Alle wichtigen Programme sind enthalten: Word, Excel, Outlook, PowerPoint und Access (Publisher ist nicht mehr enthalten, da er 2026 ausgemustert wird). OneNote steht ab sofort im Microsoft Windows Store zum Download bereit, so dass man sich schnell Notizen machen und diese \u00fcber die Cloud auf allen Ger\u00e4ten zur Verf\u00fcgung stellen kann. Die Standard Version richtet sich aufgrund der Vielzahl an unterschiedlichen Programmen vor allem an Personen, die zu Hause oder im Home Office arbeiten oder im B\u00fcro eine leistungsstarke und zuverl\u00e4ssige L\u00f6sung zur Organisation von Dokumenten, Tabellen etc. suchen.<\/p>\n<ul>\n<li><strong>Word<\/strong>Create professional-quality text documents in no time at all.<\/li>\n<li><strong>Excel<\/strong>Intelligent spreadsheet for information management.<\/li>\n<li><strong>PowerPoint<\/strong>Create impressive dynamic presentations.<\/li>\n<li><strong>Outlook<\/strong>Communication made easy.<\/li>\n<li><strong>OneNote<\/strong>: Your digital notebook in the cloud.<\/li>\n<\/ul>\n<p><strong>Voraussetzung f\u00fcr das Betriebssystem:<\/strong> Microsoft Windows 10 or 11<\/p>\n<h3>Microsoft Office 2024 Professional Plus<\/h3>\n<p><strong>With this license, the software can be activated on 3 different devices, e.g. home PC, notebook and work PC.<\/strong><\/p>\n<p>Microsoft Office users who use the full range of applications at home or in the office are well advised to purchase the Microsoft Office 2024 Professional Plus Edition. All important programs are included: Word, Excel, Outlook, PowerPoint and Access (Publisher is no longer included as it will be phased out in 2026). OneNote is now available to download from the Microsoft Windows Store, so you can quickly take notes and make them available on all devices via the cloud. Due to the large number of different programs, the Professional Plus version is primarily aimed at people who work at home or in the home Office or are looking for a powerful and reliable solution for organizing documents, spreadsheets, etc. in the office.<\/p>\n<ul>\n<li><strong>Word<\/strong>Create professional-quality text documents in no time at all.<\/li>\n<li><strong>Excel<\/strong>Intelligent spreadsheet for information management.<\/li>\n<li><strong>PowerPoint<\/strong>Create impressive dynamic presentations.<\/li>\n<li><strong>OneNote<\/strong>: Your digital notebook.<\/li>\n<li><strong>Outlook<\/strong>Communication made easy.<\/li>\n<li><strong>Access<\/strong>Database programming for browser-based applications<\/li>\n<\/ul>\n<p><strong>Important note: Teams<\/strong> is available in this version of Office <strong>NOT<\/strong> included!<\/p>\n<p><strong>Voraussetzung f\u00fcr das Betriebssystem:<\/strong> Microsoft Windows 10 or 11<\/p>\n<p><strong>Support:<\/strong><\/p>\n<p>If you have any questions, please do not hesitate to <a href=\"mailto:contact@winandofficews.com\">by e-mail<\/a> to contact us. Our customer support is available 7 days a week, 24 hours a day.<\/p>","protected":false},"excerpt":{"rendered":"<ul>\n<li>Microsoft Office 2024 Standard License for 3 PC<\/li>\n<li>Microsoft Office 2024 Professional Plus f\u00fcr 3 PC<\/li>\n<li><strong>With this license, the software can be activated on 3 different devices, e.g. home PC, notebook and work PC.<\/strong><\/li>\n<li>Version for 32- and 64-bit systems, unlimited full versions of the software <strong>from the certified Microsoft Gold Partner<\/strong><\/li>\n<li><strong>30 days full refund - Lifetime replacement guarantee!<\/strong><\/li>\n<li>Delivery by e-mail: Product key, instructions, download links, invoice<\/li>\n<li>Instant download!<\/li>\n<li>No time limit, no subscription<\/li>\n<li>Free 24\/7 support for problems with installation and activation<\/li>\n<li>No delivery on data carriers (USB, CD, etc.)<\/li>\n<li>Activation online and by phone<\/li>\n<li>Languages: English, Spanish, Italian, German, French<\/li>\n<li><strong>This product is compatible with Microsoft Windows.<\/strong><\/li>\n<li><strong>NOT compatible with Apple macOS\u2122, Apple processors, Parallels for Mac, Android devices and Chromebooks.<\/strong><\/li>\n<\/ul>","protected":false},"featured_media":8086,"comment_status":"open","ping_status":"closed","template":"","meta":{"_acf_changed":false},"product_brand":[],"product_cat":[155,249],"product_tag":[],"class_list":{"0":"post-8085","1":"product","2":"type-product","3":"status-publish","4":"has-post-thumbnail","6":"product_cat-microsoft-office","7":"product_cat-249","9":"first","10":"instock","11":"sale","12":"virtual","13":"taxable","14":"purchasable","15":"product-type-simple"},"acf":[],"yoast_head":"<!-- This site is optimized with the Yoast SEO plugin v27.3 - https:\/\/yoast.com\/product\/yoast-seo-wordpress\/ -->\n<title>Microsoft Office 2024 Standard + Microsoft Office 2024 Professional Plus f\u00fcr 3 PC - Win &amp; Office WS<\/title>\n<meta name=\"robots\" content=\"index, follow, max-snippet:-1, max-image-preview:large, max-video-preview:-1\" \/>\n<link rel=\"canonical\" href=\"https:\/\/winandofficews.com\/en\/product\/microsoft-office-2024-standard-microsoft-office-2024-professional-plus-license-for-3-devices\/\" \/>\n<meta property=\"og:locale\" content=\"en_US\" \/>\n<meta property=\"og:type\" content=\"article\" \/>\n<meta property=\"og:title\" content=\"Microsoft Office 2024 Standard + Microsoft Office 2024 Professional Plus f\u00fcr 3 PC - Win &amp; Office WS\" \/>\n<meta property=\"og:description\" content=\"Microsoft Office 2024 Standard Lizenz f\u00fcr 3 PC  Microsoft Office 2024 Professional Plus f\u00fcr 3 PC  Mit dieser Lizenz kann die Software auf 3 verschiedenen Ger\u00e4ten aktiviert werden, z.B. Heim-PC, Notebook und Arbeits-PC.  Version f\u00fcr 32- und 64-Bit-Systeme, unbegrenzte Vollversionen der Software vom zertifizierten Microsoft Gold Partner  30 Tage volle R\u00fcckerstattung - Lebenslange Ersatzgarantie!  Lieferung per E-Mail: Produktschl\u00fcssel, Anleitung, Download-Links, Rechnung  Sofortiger Download!  Keine zeitliche Begrenzung, kein Abonnement  Kostenloser 24\/7-Support bei Problemen mit der Installation und Aktivierung  Keine Lieferung auf Datentr\u00e4ger (USB, CD, etc.)  Aktivierung online und per Telefon  Sprachen: Englisch, Spanisch, Italienisch, Deutsch, Franz\u00f6sisch  Dieses Produkt ist mit Microsoft Windows kompatibel.  NICHT kompatibel mit Apple macOS\u2122, Apple-Prozessoren, Parallels f\u00fcr Mac, Android-Ger\u00e4ten und Chromebooks.\" \/>\n<meta property=\"og:url\" content=\"https:\/\/winandofficews.com\/en\/product\/microsoft-office-2024-standard-microsoft-office-2024-professional-plus-license-for-3-devices\/\" \/>\n<meta property=\"og:site_name\" content=\"Win &amp; Office WS\" \/>\n<meta property=\"article:publisher\" content=\"https:\/\/www.facebook.com\/winandofficews\/\" \/>\n<meta property=\"article:modified_time\" content=\"2026-04-03T09:48:39+00:00\" \/>\n<meta property=\"og:image\" content=\"https:\/\/winandofficews.com\/wp-content\/uploads\/O24PO24S.png\" \/>\n\t<meta property=\"og:image:width\" content=\"600\" \/>\n\t<meta property=\"og:image:height\" content=\"600\" \/>\n\t<meta property=\"og:image:type\" content=\"image\/png\" \/>\n<meta name=\"twitter:card\" content=\"summary_large_image\" \/>\n<meta name=\"twitter:site\" content=\"@WINDOWSANDOFFI1\" \/>\n<meta name=\"twitter:label1\" content=\"Est. reading time\" \/>\n\t<meta name=\"twitter:data1\" content=\"3 minutes\" \/>\n<script type=\"application\/ld+json\" class=\"yoast-schema-graph\">{\"@context\":\"https:\\\/\\\/schema.org\",\"@graph\":[{\"@type\":\"WebPage\",\"@id\":\"https:\\\/\\\/winandofficews.com\\\/product\\\/microsoft-office-2024-standard-microsoft-office-2024-professional-plus-license-for-3-devices\\\/\",\"url\":\"https:\\\/\\\/winandofficews.com\\\/product\\\/microsoft-office-2024-standard-microsoft-office-2024-professional-plus-license-for-3-devices\\\/\",\"name\":\"Microsoft Office 2024 Standard + Microsoft Office 2024 Professional Plus f\u00fcr 3 PC - Win &amp; Office WS\",\"isPartOf\":{\"@id\":\"https:\\\/\\\/winandofficews.com\\\/#website\"},\"primaryImageOfPage\":{\"@id\":\"https:\\\/\\\/winandofficews.com\\\/product\\\/microsoft-office-2024-standard-microsoft-office-2024-professional-plus-license-for-3-devices\\\/#primaryimage\"},\"image\":{\"@id\":\"https:\\\/\\\/winandofficews.com\\\/product\\\/microsoft-office-2024-standard-microsoft-office-2024-professional-plus-license-for-3-devices\\\/#primaryimage\"},\"thumbnailUrl\":\"https:\\\/\\\/winandofficews.com\\\/wp-content\\\/uploads\\\/O24PO24S.png\",\"datePublished\":\"2024-11-24T10:27:48+00:00\",\"dateModified\":\"2026-04-03T09:48:39+00:00\",\"breadcrumb\":{\"@id\":\"https:\\\/\\\/winandofficews.com\\\/product\\\/microsoft-office-2024-standard-microsoft-office-2024-professional-plus-license-for-3-devices\\\/#breadcrumb\"},\"inLanguage\":\"en-US\",\"potentialAction\":[{\"@type\":\"ReadAction\",\"target\":[\"https:\\\/\\\/winandofficews.com\\\/product\\\/microsoft-office-2024-standard-microsoft-office-2024-professional-plus-license-for-3-devices\\\/\"]}]},{\"@type\":\"ImageObject\",\"inLanguage\":\"en-US\",\"@id\":\"https:\\\/\\\/winandofficews.com\\\/product\\\/microsoft-office-2024-standard-microsoft-office-2024-professional-plus-license-for-3-devices\\\/#primaryimage\",\"url\":\"https:\\\/\\\/winandofficews.com\\\/wp-content\\\/uploads\\\/O24PO24S.png\",\"contentUrl\":\"https:\\\/\\\/winandofficews.com\\\/wp-content\\\/uploads\\\/O24PO24S.png\",\"width\":600,\"height\":600},{\"@type\":\"BreadcrumbList\",\"@id\":\"https:\\\/\\\/winandofficews.com\\\/product\\\/microsoft-office-2024-standard-microsoft-office-2024-professional-plus-license-for-3-devices\\\/#breadcrumb\",\"itemListElement\":[{\"@type\":\"ListItem\",\"position\":1,\"name\":\"Home\",\"item\":\"https:\\\/\\\/winandofficews.com\\\/\"},{\"@type\":\"ListItem\",\"position\":2,\"name\":\"Shop\",\"item\":\"https:\\\/\\\/winandofficews.com\\\/shop\\\/\"},{\"@type\":\"ListItem\",\"position\":3,\"name\":\"Microsoft Office 2024 Standard + Microsoft Office 2024 Professional Plus f\u00fcr 3 PC\"}]},{\"@type\":\"WebSite\",\"@id\":\"https:\\\/\\\/winandofficews.com\\\/#website\",\"url\":\"https:\\\/\\\/winandofficews.com\\\/\",\"name\":\"Win & Office WS\",\"description\":\"Wholesales Store of Office\",\"publisher\":{\"@id\":\"https:\\\/\\\/winandofficews.com\\\/#organization\"},\"potentialAction\":[{\"@type\":\"SearchAction\",\"target\":{\"@type\":\"EntryPoint\",\"urlTemplate\":\"https:\\\/\\\/winandofficews.com\\\/?s={search_term_string}\"},\"query-input\":{\"@type\":\"PropertyValueSpecification\",\"valueRequired\":true,\"valueName\":\"search_term_string\"}}],\"inLanguage\":\"en-US\"},{\"@type\":\"Organization\",\"@id\":\"https:\\\/\\\/winandofficews.com\\\/#organization\",\"name\":\"Win & Office WS\",\"url\":\"https:\\\/\\\/winandofficews.com\\\/\",\"logo\":{\"@type\":\"ImageObject\",\"inLanguage\":\"en-US\",\"@id\":\"https:\\\/\\\/winandofficews.com\\\/#\\\/schema\\\/logo\\\/image\\\/\",\"url\":\"https:\\\/\\\/winandofficews.com\\\/wp-content\\\/uploads\\\/logo14.png\",\"contentUrl\":\"https:\\\/\\\/winandofficews.com\\\/wp-content\\\/uploads\\\/logo14.png\",\"width\":322,\"height\":116,\"caption\":\"Win & Office WS\"},\"image\":{\"@id\":\"https:\\\/\\\/winandofficews.com\\\/#\\\/schema\\\/logo\\\/image\\\/\"},\"sameAs\":[\"https:\\\/\\\/www.facebook.com\\\/winandofficews\\\/\",\"https:\\\/\\\/x.com\\\/WINDOWSANDOFFI1\",\"https:\\\/\\\/www.instagram.com\\\/winandoffice.ws\\\/\",\"https:\\\/\\\/de.pinterest.com\\\/winandofficews_official\\\/\",\"https:\\\/\\\/www.tiktok.com\\\/@winandofficews\",\"https:\\\/\\\/www.youtube.com\\\/channel\\\/UCPI87ZZIvl272mOtG5sL8Cg\",\"https:\\\/\\\/de.trustpilot.com\\\/review\\\/winandofficews.com\",\"https:\\\/\\\/www.trustami.com\\\/review\\\/win-and-office-wholesales-rating\"]}]}<\/script>\n<!-- \/ Yoast SEO plugin. -->","yoast_head_json":{"title":"Microsoft Office 2024 Standard + Microsoft Office 2024 Professional Plus f\u00fcr 3 PC - Win &amp; Office WS","robots":{"index":"index","follow":"follow","max-snippet":"max-snippet:-1","max-image-preview":"max-image-preview:large","max-video-preview":"max-video-preview:-1"},"canonical":"https:\/\/winandofficews.com\/en\/product\/microsoft-office-2024-standard-microsoft-office-2024-professional-plus-license-for-3-devices\/","og_locale":"en_US","og_type":"article","og_title":"Microsoft Office 2024 Standard + Microsoft Office 2024 Professional Plus f\u00fcr 3 PC - Win &amp; Office WS","og_description":"Microsoft Office 2024 Standard Lizenz f\u00fcr 3 PC  Microsoft Office 2024 Professional Plus f\u00fcr 3 PC  Mit dieser Lizenz kann die Software auf 3 verschiedenen Ger\u00e4ten aktiviert werden, z.B. Heim-PC, Notebook und Arbeits-PC.  Version f\u00fcr 32- und 64-Bit-Systeme, unbegrenzte Vollversionen der Software vom zertifizierten Microsoft Gold Partner  30 Tage volle R\u00fcckerstattung - Lebenslange Ersatzgarantie!  Lieferung per E-Mail: Produktschl\u00fcssel, Anleitung, Download-Links, Rechnung  Sofortiger Download!  Keine zeitliche Begrenzung, kein Abonnement  Kostenloser 24\/7-Support bei Problemen mit der Installation und Aktivierung  Keine Lieferung auf Datentr\u00e4ger (USB, CD, etc.)  Aktivierung online und per Telefon  Sprachen: Englisch, Spanisch, Italienisch, Deutsch, Franz\u00f6sisch  Dieses Produkt ist mit Microsoft Windows kompatibel.  NICHT kompatibel mit Apple macOS\u2122, Apple-Prozessoren, Parallels f\u00fcr Mac, Android-Ger\u00e4ten und Chromebooks.","og_url":"https:\/\/winandofficews.com\/en\/product\/microsoft-office-2024-standard-microsoft-office-2024-professional-plus-license-for-3-devices\/","og_site_name":"Win &amp; Office WS","article_publisher":"https:\/\/www.facebook.com\/winandofficews\/","article_modified_time":"2026-04-03T09:48:39+00:00","og_image":[{"width":600,"height":600,"url":"https:\/\/winandofficews.com\/wp-content\/uploads\/O24PO24S.png","type":"image\/png"}],"twitter_card":"summary_large_image","twitter_site":"@WINDOWSANDOFFI1","twitter_misc":{"Est. reading time":"3 minutes"},"schema":{"@context":"https:\/\/schema.org","@graph":[{"@type":"WebPage","@id":"https:\/\/winandofficews.com\/product\/microsoft-office-2024-standard-microsoft-office-2024-professional-plus-license-for-3-devices\/","url":"https:\/\/winandofficews.com\/product\/microsoft-office-2024-standard-microsoft-office-2024-professional-plus-license-for-3-devices\/","name":"Microsoft Office 2024 Standard + Microsoft Office 2024 Professional Plus f\u00fcr 3 PC - Win &amp; Office WS","isPartOf":{"@id":"https:\/\/winandofficews.com\/#website"},"primaryImageOfPage":{"@id":"https:\/\/winandofficews.com\/product\/microsoft-office-2024-standard-microsoft-office-2024-professional-plus-license-for-3-devices\/#primaryimage"},"image":{"@id":"https:\/\/winandofficews.com\/product\/microsoft-office-2024-standard-microsoft-office-2024-professional-plus-license-for-3-devices\/#primaryimage"},"thumbnailUrl":"https:\/\/winandofficews.com\/wp-content\/uploads\/O24PO24S.png","datePublished":"2024-11-24T10:27:48+00:00","dateModified":"2026-04-03T09:48:39+00:00","breadcrumb":{"@id":"https:\/\/winandofficews.com\/product\/microsoft-office-2024-standard-microsoft-office-2024-professional-plus-license-for-3-devices\/#breadcrumb"},"inLanguage":"en-US","potentialAction":[{"@type":"ReadAction","target":["https:\/\/winandofficews.com\/product\/microsoft-office-2024-standard-microsoft-office-2024-professional-plus-license-for-3-devices\/"]}]},{"@type":"ImageObject","inLanguage":"en-US","@id":"https:\/\/winandofficews.com\/product\/microsoft-office-2024-standard-microsoft-office-2024-professional-plus-license-for-3-devices\/#primaryimage","url":"https:\/\/winandofficews.com\/wp-content\/uploads\/O24PO24S.png","contentUrl":"https:\/\/winandofficews.com\/wp-content\/uploads\/O24PO24S.png","width":600,"height":600},{"@type":"BreadcrumbList","@id":"https:\/\/winandofficews.com\/product\/microsoft-office-2024-standard-microsoft-office-2024-professional-plus-license-for-3-devices\/#breadcrumb","itemListElement":[{"@type":"ListItem","position":1,"name":"Home","item":"https:\/\/winandofficews.com\/"},{"@type":"ListItem","position":2,"name":"Shop","item":"https:\/\/winandofficews.com\/shop\/"},{"@type":"ListItem","position":3,"name":"Microsoft Office 2024 Standard + Microsoft Office 2024 Professional Plus f\u00fcr 3 PC"}]},{"@type":"WebSite","@id":"https:\/\/winandofficews.com\/#website","url":"https:\/\/winandofficews.com\/","name":"Win & Office WS","description":"Wholesales Store of Office","publisher":{"@id":"https:\/\/winandofficews.com\/#organization"},"potentialAction":[{"@type":"SearchAction","target":{"@type":"EntryPoint","urlTemplate":"https:\/\/winandofficews.com\/?s={search_term_string}"},"query-input":{"@type":"PropertyValueSpecification","valueRequired":true,"valueName":"search_term_string"}}],"inLanguage":"en-US"},{"@type":"Organization","@id":"https:\/\/winandofficews.com\/#organization","name":"Win & Office WS","url":"https:\/\/winandofficews.com\/","logo":{"@type":"ImageObject","inLanguage":"en-US","@id":"https:\/\/winandofficews.com\/#\/schema\/logo\/image\/","url":"https:\/\/winandofficews.com\/wp-content\/uploads\/logo14.png","contentUrl":"https:\/\/winandofficews.com\/wp-content\/uploads\/logo14.png","width":322,"height":116,"caption":"Win & Office WS"},"image":{"@id":"https:\/\/winandofficews.com\/#\/schema\/logo\/image\/"},"sameAs":["https:\/\/www.facebook.com\/winandofficews\/","https:\/\/x.com\/WINDOWSANDOFFI1","https:\/\/www.instagram.com\/winandoffice.ws\/","https:\/\/de.pinterest.com\/winandofficews_official\/","https:\/\/www.tiktok.com\/@winandofficews","https:\/\/www.youtube.com\/channel\/UCPI87ZZIvl272mOtG5sL8Cg","https:\/\/de.trustpilot.com\/review\/winandofficews.com","https:\/\/www.trustami.com\/review\/win-and-office-wholesales-rating"]}]}},"_links":{"self":[{"href":"https:\/\/winandofficews.com\/en\/wp-json\/wp\/v2\/product\/8085","targetHints":{"allow":["GET"]}}],"collection":[{"href":"https:\/\/winandofficews.com\/en\/wp-json\/wp\/v2\/product"}],"about":[{"href":"https:\/\/winandofficews.com\/en\/wp-json\/wp\/v2\/types\/product"}],"replies":[{"embeddable":true,"href":"https:\/\/winandofficews.com\/en\/wp-json\/wp\/v2\/comments?post=8085"}],"wp:featuredmedia":[{"embeddable":true,"href":"https:\/\/winandofficews.com\/en\/wp-json\/wp\/v2\/media\/8086"}],"wp:attachment":[{"href":"https:\/\/winandofficews.com\/en\/wp-json\/wp\/v2\/media?parent=8085"}],"wp:term":[{"taxonomy":"product_brand","embeddable":true,"href":"https:\/\/winandofficews.com\/en\/wp-json\/wp\/v2\/product_brand?post=8085"},{"taxonomy":"product_cat","embeddable":true,"href":"https:\/\/winandofficews.com\/en\/wp-json\/wp\/v2\/product_cat?post=8085"},{"taxonomy":"product_tag","embeddable":true,"href":"https:\/\/winandofficews.com\/en\/wp-json\/wp\/v2\/product_tag?post=8085"}],"curies":[{"name":"wp","href":"https:\/\/api.w.org\/{rel}","templated":true}]}}