{"id":8057,"date":"2024-11-24T11:26:28","date_gmt":"2024-11-24T10:26:28","guid":{"rendered":"https:\/\/winandofficews.com\/?post_type=product&#038;p=8057"},"modified":"2026-04-03T11:48:31","modified_gmt":"2026-04-03T09:48:31","slug":"microsoft-office-2024-professional-plus-microsoft-windows-11-professional-license-for-3-devices","status":"publish","type":"product","link":"https:\/\/winandofficews.com\/en\/product\/microsoft-office-2024-professional-plus-microsoft-windows-11-professional-license-for-3-devices\/","title":{"rendered":"Microsoft Office 2024 Professional Plus + Microsoft Windows 11 Professional license for 3 PCs"},"content":{"rendered":"<h3><strong>Microsoft Office 2024 Professional Plus<\/strong><\/h3>\n<div style=\"margin-bottom: 15px\"><strong>With this license, the software can be activated on 3 different devices, e.g. home PC, notebook and work PC.<\/strong><\/div>\n<div style=\"margin-bottom: 15px\">Microsoft Office users who use the full range of applications at home or in the office are well advised to purchase the Microsoft Office 2024 Professional Plus Edition. All important programs are included: Word, Excel, Outlook, PowerPoint and Access (Publisher is no longer included as it will be phased out in 2026). OneNote is now available to download from the Microsoft Windows Store, so you can quickly take notes and make them available on all devices via the cloud. Due to the large number of different programs, the Professional Plus version is primarily aimed at people who work at home or in the home Office or are looking for a powerful and reliable solution for organizing documents, spreadsheets, etc. in the office.<\/div>\n<ul>\n<li><strong>Word<\/strong>Create professional-quality text documents in no time at all.<\/li>\n<li><strong>Excel<\/strong>Intelligent spreadsheet for information management.<\/li>\n<li><strong>PowerPoint<\/strong>Create impressive dynamic presentations.<\/li>\n<li><strong>OneNote<\/strong>: Your digital notebook.<\/li>\n<li><strong>Outlook<\/strong>Communication made easy.<\/li>\n<li><strong>Access<\/strong>Database programming for browser-based applications<\/li>\n<\/ul>\n<p><strong>Important note: Teams<\/strong> is available in this version of Office <strong>NOT<\/strong> included!<\/p>\n<div><strong>Requirement for the operating system: Microsoft Windows 10 or 11<\/strong><\/div>\n<p>&nbsp;<\/p>\n<h3><strong>Microsoft Windows 11 Professional License for 3 PC<\/strong><\/h3>\n<p>Experience the pinnacle of modern computing with Microsoft Microsoft Windows 11 Professional. This operating system combines sleek design with powerful performance, providing a seamless and secure environment for work and play. Microsoft Windows 11 Professional is designed to help you achieve more, with new features and enhancements that increase productivity and connectivity.<\/p>\n<p><strong>Main features of Microsoft Microsoft Windows 11 Professional:<\/strong><\/p>\n<ul>\n<li><strong>Intuitive interface:<\/strong> A fresh and clear design that increases your productivity.<\/li>\n<li><strong>Improved performance:<\/strong> Faster boot times, efficient resource management and improved security.<\/li>\n<li><strong>Virtual desktops:<\/strong> Organize your workspace easily with multiple desktops.<\/li>\n<li><strong>Catch layouts and groups:<\/strong> Easily organize and manage your open windows for multitasking.<\/li>\n<li><strong>Integration of Microsoft teams:<\/strong> Stay in touch with the integrated chat and video conferencing tools.<\/li>\n<li><strong>Enhanced security:<\/strong> Protect your data with state-of-the-art security functions.<\/li>\n<\/ul>\n<p>With an upgrade to Microsoft Windows 11 Professional you can exploit the full potential of your PC, whether you are working at home, in the office or on the road.<\/p>\n<hr \/>\n<p>With this exclusive combination, you get the ultimate productivity suite and the most advanced operating system. Enjoy the cutting-edge features and innovations of the Microsoft Microsoft Office 2024 Professional Plus paired with the sleek design and powerful performance of the Microsoft Windows 11 Professional. Don't miss the opportunity to upgrade and maximize your productivity!<\/p>\n<p><strong>Support:<\/strong><\/p>\n<p class=\"translation-block\">If you have any questions, please do not hesitate to contact us <a href=\"mailto:germany@dl-winandoffice.com\" target=\"_self\" rel=\"noopener\">by email<\/a>. Our customer support is available 7 days a week, 24 hours a day.<\/p>","protected":false},"excerpt":{"rendered":"<ul>\n<li>Microsoft Office 2024 Standard License for 3 PC<\/li>\n<li><strong>With this license, the software can be activated on 3 different devices, e.g. home PC, notebook and work PC<\/strong><\/li>\n<li>Versions for 32- and 64-bit systems available, full version of the software from certified Microsoft Gold Partner<\/li>\n<li><strong>30-day money-back guarantee - Lifetime replacement guarantee<\/strong><\/li>\n<li>Delivery by e-mail: Product key, instructions, download links and invoice<\/li>\n<li>Instant download<\/li>\n<li>No time limit, no subscription<\/li>\n<li>Free 24\/7 support for installation and activation<\/li>\n<li>No delivery on physical data carriers (USB, CD, etc.)<\/li>\n<li>Activation online or by telephone<\/li>\n<li>Languages: English, Spanish, Italian, German, French<\/li>\n<li><strong>Compatible with Windows<\/strong><\/li>\n<li><strong>Not compatible with macOS\u2122, Apple processors, Parallels for Mac, Android devices and Chromebooks<\/strong><\/li>\n<\/ul>","protected":false},"featured_media":84882,"comment_status":"open","ping_status":"closed","template":"","meta":{"_acf_changed":false},"product_brand":[],"product_cat":[155,249,156],"product_tag":[260,261],"class_list":{"0":"post-8057","1":"product","2":"type-product","3":"status-publish","4":"has-post-thumbnail","6":"product_cat-microsoft-office","7":"product_cat-249","8":"product_cat-popular","9":"product_tag-microsoft-office-2024-pro-plus-microsoft-windows-11-pro","10":"product_tag-microsoft-office-2024-pro-plus-microsoft-windows-11-pro-license-for-3-pc","12":"first","13":"instock","14":"sale","15":"featured","16":"virtual","17":"taxable","18":"purchasable","19":"product-type-simple"},"acf":[],"yoast_head":"<!-- This site is optimized with the Yoast SEO plugin v27.4 - https:\/\/yoast.com\/product\/yoast-seo-wordpress\/ -->\n<title>Microsoft Office 2024 Professional Plus + Microsoft Windows 11 Professional Lizenz f\u00fcr 3 PC - Win &amp; Office WS<\/title>\n<meta name=\"robots\" content=\"index, follow, max-snippet:-1, max-image-preview:large, max-video-preview:-1\" \/>\n<link rel=\"canonical\" href=\"https:\/\/winandofficews.com\/en\/product\/microsoft-office-2024-professional-plus-microsoft-windows-11-professional-license-for-3-devices\/\" \/>\n<meta property=\"og:locale\" content=\"en_US\" \/>\n<meta property=\"og:type\" content=\"article\" \/>\n<meta property=\"og:title\" content=\"Microsoft Office 2024 Professional Plus + Microsoft Windows 11 Professional Lizenz f\u00fcr 3 PC - Win &amp; Office WS\" \/>\n<meta property=\"og:description\" content=\"Microsoft Office 2024 Standard Lizenz f\u00fcr 3 PC  Mit dieser Lizenz kann die Software auf 3 verschiedenen Ger\u00e4ten aktiviert werden, z. B. Heim-PC, Notebook und Arbeits-PC  Versionen f\u00fcr 32- und 64-Bit-Systeme verf\u00fcgbar, Vollversion der Software vom zertifizierten Microsoft Gold Partner  30 Tage Geld-zur\u00fcck-Garantie \u2013 Lebenslange Ersatzgarantie  Lieferung per E-Mail: Produktschl\u00fcssel, Anleitung, Download-Links und Rechnung  Sofort-Download  Keine zeitliche Begrenzung, kein Abonnement  Kostenloser 24\/7-Support bei Installation und Aktivierung  Keine Lieferung auf physischen Datentr\u00e4gern (USB, CD usw.)  Aktivierung online oder telefonisch  Sprachen: Englisch, Spanisch, Italienisch, Deutsch, Franz\u00f6sisch  Kompatibel mit Windows  Nicht kompatibel mit macOS\u2122, Apple-Prozessoren, Parallels f\u00fcr Mac, Android-Ger\u00e4ten und Chromebooks\" \/>\n<meta property=\"og:url\" content=\"https:\/\/winandofficews.com\/en\/product\/microsoft-office-2024-professional-plus-microsoft-windows-11-professional-license-for-3-devices\/\" \/>\n<meta property=\"og:site_name\" content=\"Win &amp; Office WS\" \/>\n<meta property=\"article:publisher\" content=\"https:\/\/www.facebook.com\/winandofficews\/\" \/>\n<meta property=\"article:modified_time\" content=\"2026-04-03T09:48:31+00:00\" \/>\n<meta property=\"og:image\" content=\"https:\/\/winandofficews.com\/wp-content\/uploads\/O24PW11P.png\" \/>\n\t<meta property=\"og:image:width\" content=\"600\" \/>\n\t<meta property=\"og:image:height\" content=\"600\" \/>\n\t<meta property=\"og:image:type\" content=\"image\/png\" \/>\n<meta name=\"twitter:card\" content=\"summary_large_image\" \/>\n<meta name=\"twitter:site\" content=\"@WINDOWSANDOFFI1\" \/>\n<meta name=\"twitter:label1\" content=\"Est. reading time\" \/>\n\t<meta name=\"twitter:data1\" content=\"3 minutes\" \/>\n<script type=\"application\/ld+json\" class=\"yoast-schema-graph\">{\"@context\":\"https:\\\/\\\/schema.org\",\"@graph\":[{\"@type\":\"WebPage\",\"@id\":\"https:\\\/\\\/winandofficews.com\\\/product\\\/microsoft-office-2024-professional-plus-microsoft-windows-11-professional-license-for-3-devices\\\/\",\"url\":\"https:\\\/\\\/winandofficews.com\\\/product\\\/microsoft-office-2024-professional-plus-microsoft-windows-11-professional-license-for-3-devices\\\/\",\"name\":\"Microsoft Office 2024 Professional Plus + Microsoft Windows 11 Professional Lizenz f\u00fcr 3 PC - Win &amp; Office WS\",\"isPartOf\":{\"@id\":\"https:\\\/\\\/winandofficews.com\\\/#website\"},\"primaryImageOfPage\":{\"@id\":\"https:\\\/\\\/winandofficews.com\\\/product\\\/microsoft-office-2024-professional-plus-microsoft-windows-11-professional-license-for-3-devices\\\/#primaryimage\"},\"image\":{\"@id\":\"https:\\\/\\\/winandofficews.com\\\/product\\\/microsoft-office-2024-professional-plus-microsoft-windows-11-professional-license-for-3-devices\\\/#primaryimage\"},\"thumbnailUrl\":\"https:\\\/\\\/winandofficews.com\\\/wp-content\\\/uploads\\\/O24PW11P.png\",\"datePublished\":\"2024-11-24T10:26:28+00:00\",\"dateModified\":\"2026-04-03T09:48:31+00:00\",\"breadcrumb\":{\"@id\":\"https:\\\/\\\/winandofficews.com\\\/product\\\/microsoft-office-2024-professional-plus-microsoft-windows-11-professional-license-for-3-devices\\\/#breadcrumb\"},\"inLanguage\":\"en-US\",\"potentialAction\":[{\"@type\":\"ReadAction\",\"target\":[\"https:\\\/\\\/winandofficews.com\\\/product\\\/microsoft-office-2024-professional-plus-microsoft-windows-11-professional-license-for-3-devices\\\/\"]}]},{\"@type\":\"ImageObject\",\"inLanguage\":\"en-US\",\"@id\":\"https:\\\/\\\/winandofficews.com\\\/product\\\/microsoft-office-2024-professional-plus-microsoft-windows-11-professional-license-for-3-devices\\\/#primaryimage\",\"url\":\"https:\\\/\\\/winandofficews.com\\\/wp-content\\\/uploads\\\/O24PW11P.png\",\"contentUrl\":\"https:\\\/\\\/winandofficews.com\\\/wp-content\\\/uploads\\\/O24PW11P.png\",\"width\":600,\"height\":600},{\"@type\":\"BreadcrumbList\",\"@id\":\"https:\\\/\\\/winandofficews.com\\\/product\\\/microsoft-office-2024-professional-plus-microsoft-windows-11-professional-license-for-3-devices\\\/#breadcrumb\",\"itemListElement\":[{\"@type\":\"ListItem\",\"position\":1,\"name\":\"Home\",\"item\":\"https:\\\/\\\/winandofficews.com\\\/\"},{\"@type\":\"ListItem\",\"position\":2,\"name\":\"Shop\",\"item\":\"https:\\\/\\\/winandofficews.com\\\/shop\\\/\"},{\"@type\":\"ListItem\",\"position\":3,\"name\":\"Microsoft Office 2024 Professional Plus + Microsoft Windows 11 Professional Lizenz f\u00fcr 3 PC\"}]},{\"@type\":\"WebSite\",\"@id\":\"https:\\\/\\\/winandofficews.com\\\/#website\",\"url\":\"https:\\\/\\\/winandofficews.com\\\/\",\"name\":\"Win & Office WS\",\"description\":\"Wholesales Store of Office\",\"publisher\":{\"@id\":\"https:\\\/\\\/winandofficews.com\\\/#organization\"},\"potentialAction\":[{\"@type\":\"SearchAction\",\"target\":{\"@type\":\"EntryPoint\",\"urlTemplate\":\"https:\\\/\\\/winandofficews.com\\\/?s={search_term_string}\"},\"query-input\":{\"@type\":\"PropertyValueSpecification\",\"valueRequired\":true,\"valueName\":\"search_term_string\"}}],\"inLanguage\":\"en-US\"},{\"@type\":\"Organization\",\"@id\":\"https:\\\/\\\/winandofficews.com\\\/#organization\",\"name\":\"Win & Office WS\",\"url\":\"https:\\\/\\\/winandofficews.com\\\/\",\"logo\":{\"@type\":\"ImageObject\",\"inLanguage\":\"en-US\",\"@id\":\"https:\\\/\\\/winandofficews.com\\\/#\\\/schema\\\/logo\\\/image\\\/\",\"url\":\"https:\\\/\\\/winandofficews.com\\\/wp-content\\\/uploads\\\/logo14.png\",\"contentUrl\":\"https:\\\/\\\/winandofficews.com\\\/wp-content\\\/uploads\\\/logo14.png\",\"width\":322,\"height\":116,\"caption\":\"Win & Office WS\"},\"image\":{\"@id\":\"https:\\\/\\\/winandofficews.com\\\/#\\\/schema\\\/logo\\\/image\\\/\"},\"sameAs\":[\"https:\\\/\\\/www.facebook.com\\\/winandofficews\\\/\",\"https:\\\/\\\/x.com\\\/WINDOWSANDOFFI1\",\"https:\\\/\\\/www.instagram.com\\\/winandoffice.ws\\\/\",\"https:\\\/\\\/de.pinterest.com\\\/winandofficews_official\\\/\",\"https:\\\/\\\/www.tiktok.com\\\/@winandofficews\",\"https:\\\/\\\/www.youtube.com\\\/channel\\\/UCPI87ZZIvl272mOtG5sL8Cg\",\"https:\\\/\\\/de.trustpilot.com\\\/review\\\/winandofficews.com\",\"https:\\\/\\\/www.trustami.com\\\/review\\\/win-and-office-wholesales-rating\"]}]}<\/script>\n<!-- \/ Yoast SEO plugin. -->","yoast_head_json":{"title":"Microsoft Office 2024 Professional Plus + Microsoft Windows 11 Professional Lizenz f\u00fcr 3 PC - Win &amp; Office WS","robots":{"index":"index","follow":"follow","max-snippet":"max-snippet:-1","max-image-preview":"max-image-preview:large","max-video-preview":"max-video-preview:-1"},"canonical":"https:\/\/winandofficews.com\/en\/product\/microsoft-office-2024-professional-plus-microsoft-windows-11-professional-license-for-3-devices\/","og_locale":"en_US","og_type":"article","og_title":"Microsoft Office 2024 Professional Plus + Microsoft Windows 11 Professional Lizenz f\u00fcr 3 PC - Win &amp; Office WS","og_description":"Microsoft Office 2024 Standard Lizenz f\u00fcr 3 PC  Mit dieser Lizenz kann die Software auf 3 verschiedenen Ger\u00e4ten aktiviert werden, z. B. Heim-PC, Notebook und Arbeits-PC  Versionen f\u00fcr 32- und 64-Bit-Systeme verf\u00fcgbar, Vollversion der Software vom zertifizierten Microsoft Gold Partner  30 Tage Geld-zur\u00fcck-Garantie \u2013 Lebenslange Ersatzgarantie  Lieferung per E-Mail: Produktschl\u00fcssel, Anleitung, Download-Links und Rechnung  Sofort-Download  Keine zeitliche Begrenzung, kein Abonnement  Kostenloser 24\/7-Support bei Installation und Aktivierung  Keine Lieferung auf physischen Datentr\u00e4gern (USB, CD usw.)  Aktivierung online oder telefonisch  Sprachen: Englisch, Spanisch, Italienisch, Deutsch, Franz\u00f6sisch  Kompatibel mit Windows  Nicht kompatibel mit macOS\u2122, Apple-Prozessoren, Parallels f\u00fcr Mac, Android-Ger\u00e4ten und Chromebooks","og_url":"https:\/\/winandofficews.com\/en\/product\/microsoft-office-2024-professional-plus-microsoft-windows-11-professional-license-for-3-devices\/","og_site_name":"Win &amp; Office WS","article_publisher":"https:\/\/www.facebook.com\/winandofficews\/","article_modified_time":"2026-04-03T09:48:31+00:00","og_image":[{"width":600,"height":600,"url":"https:\/\/winandofficews.com\/wp-content\/uploads\/O24PW11P.png","type":"image\/png"}],"twitter_card":"summary_large_image","twitter_site":"@WINDOWSANDOFFI1","twitter_misc":{"Est. reading time":"3 minutes"},"schema":{"@context":"https:\/\/schema.org","@graph":[{"@type":"WebPage","@id":"https:\/\/winandofficews.com\/product\/microsoft-office-2024-professional-plus-microsoft-windows-11-professional-license-for-3-devices\/","url":"https:\/\/winandofficews.com\/product\/microsoft-office-2024-professional-plus-microsoft-windows-11-professional-license-for-3-devices\/","name":"Microsoft Office 2024 Professional Plus + Microsoft Windows 11 Professional Lizenz f\u00fcr 3 PC - Win &amp; Office WS","isPartOf":{"@id":"https:\/\/winandofficews.com\/#website"},"primaryImageOfPage":{"@id":"https:\/\/winandofficews.com\/product\/microsoft-office-2024-professional-plus-microsoft-windows-11-professional-license-for-3-devices\/#primaryimage"},"image":{"@id":"https:\/\/winandofficews.com\/product\/microsoft-office-2024-professional-plus-microsoft-windows-11-professional-license-for-3-devices\/#primaryimage"},"thumbnailUrl":"https:\/\/winandofficews.com\/wp-content\/uploads\/O24PW11P.png","datePublished":"2024-11-24T10:26:28+00:00","dateModified":"2026-04-03T09:48:31+00:00","breadcrumb":{"@id":"https:\/\/winandofficews.com\/product\/microsoft-office-2024-professional-plus-microsoft-windows-11-professional-license-for-3-devices\/#breadcrumb"},"inLanguage":"en-US","potentialAction":[{"@type":"ReadAction","target":["https:\/\/winandofficews.com\/product\/microsoft-office-2024-professional-plus-microsoft-windows-11-professional-license-for-3-devices\/"]}]},{"@type":"ImageObject","inLanguage":"en-US","@id":"https:\/\/winandofficews.com\/product\/microsoft-office-2024-professional-plus-microsoft-windows-11-professional-license-for-3-devices\/#primaryimage","url":"https:\/\/winandofficews.com\/wp-content\/uploads\/O24PW11P.png","contentUrl":"https:\/\/winandofficews.com\/wp-content\/uploads\/O24PW11P.png","width":600,"height":600},{"@type":"BreadcrumbList","@id":"https:\/\/winandofficews.com\/product\/microsoft-office-2024-professional-plus-microsoft-windows-11-professional-license-for-3-devices\/#breadcrumb","itemListElement":[{"@type":"ListItem","position":1,"name":"Home","item":"https:\/\/winandofficews.com\/"},{"@type":"ListItem","position":2,"name":"Shop","item":"https:\/\/winandofficews.com\/shop\/"},{"@type":"ListItem","position":3,"name":"Microsoft Office 2024 Professional Plus + Microsoft Windows 11 Professional Lizenz f\u00fcr 3 PC"}]},{"@type":"WebSite","@id":"https:\/\/winandofficews.com\/#website","url":"https:\/\/winandofficews.com\/","name":"Win &amp; Office WS","description":"Wholesales Store of Office","publisher":{"@id":"https:\/\/winandofficews.com\/#organization"},"potentialAction":[{"@type":"SearchAction","target":{"@type":"EntryPoint","urlTemplate":"https:\/\/winandofficews.com\/?s={search_term_string}"},"query-input":{"@type":"PropertyValueSpecification","valueRequired":true,"valueName":"search_term_string"}}],"inLanguage":"en-US"},{"@type":"Organization","@id":"https:\/\/winandofficews.com\/#organization","name":"Win &amp; Office WS","url":"https:\/\/winandofficews.com\/","logo":{"@type":"ImageObject","inLanguage":"en-US","@id":"https:\/\/winandofficews.com\/#\/schema\/logo\/image\/","url":"https:\/\/winandofficews.com\/wp-content\/uploads\/logo14.png","contentUrl":"https:\/\/winandofficews.com\/wp-content\/uploads\/logo14.png","width":322,"height":116,"caption":"Win & Office WS"},"image":{"@id":"https:\/\/winandofficews.com\/#\/schema\/logo\/image\/"},"sameAs":["https:\/\/www.facebook.com\/winandofficews\/","https:\/\/x.com\/WINDOWSANDOFFI1","https:\/\/www.instagram.com\/winandoffice.ws\/","https:\/\/de.pinterest.com\/winandofficews_official\/","https:\/\/www.tiktok.com\/@winandofficews","https:\/\/www.youtube.com\/channel\/UCPI87ZZIvl272mOtG5sL8Cg","https:\/\/de.trustpilot.com\/review\/winandofficews.com","https:\/\/www.trustami.com\/review\/win-and-office-wholesales-rating"]}]}},"_links":{"self":[{"href":"https:\/\/winandofficews.com\/en\/wp-json\/wp\/v2\/product\/8057","targetHints":{"allow":["GET"]}}],"collection":[{"href":"https:\/\/winandofficews.com\/en\/wp-json\/wp\/v2\/product"}],"about":[{"href":"https:\/\/winandofficews.com\/en\/wp-json\/wp\/v2\/types\/product"}],"replies":[{"embeddable":true,"href":"https:\/\/winandofficews.com\/en\/wp-json\/wp\/v2\/comments?post=8057"}],"wp:featuredmedia":[{"embeddable":true,"href":"https:\/\/winandofficews.com\/en\/wp-json\/wp\/v2\/media\/84882"}],"wp:attachment":[{"href":"https:\/\/winandofficews.com\/en\/wp-json\/wp\/v2\/media?parent=8057"}],"wp:term":[{"taxonomy":"product_brand","embeddable":true,"href":"https:\/\/winandofficews.com\/en\/wp-json\/wp\/v2\/product_brand?post=8057"},{"taxonomy":"product_cat","embeddable":true,"href":"https:\/\/winandofficews.com\/en\/wp-json\/wp\/v2\/product_cat?post=8057"},{"taxonomy":"product_tag","embeddable":true,"href":"https:\/\/winandofficews.com\/en\/wp-json\/wp\/v2\/product_tag?post=8057"}],"curies":[{"name":"wp","href":"https:\/\/api.w.org\/{rel}","templated":true}]}}