{"id":8043,"date":"2024-11-24T11:25:51","date_gmt":"2024-11-24T10:25:51","guid":{"rendered":"https:\/\/winandofficews.com\/?post_type=product&#038;p=8043"},"modified":"2026-04-03T11:48:24","modified_gmt":"2026-04-03T09:48:24","slug":"microsoft-office-2010-professional-plus-license-for-3-devices","status":"publish","type":"product","link":"https:\/\/winandofficews.com\/en\/product\/microsoft-office-2010-professional-plus-license-for-3-devices\/","title":{"rendered":"Microsoft Office 2010 Professional Plus License for 3PC"},"content":{"rendered":"<p><strong>With this license, the software can be activated on 3 different devices, e.g. home PC, notebook and work PC.<\/strong><\/p>\n<p>With Microsoft Office 2010, Microsoft is integrating several new features into the Microsoft Office software: In future, web applications for Word, Excel &amp; Co. will be available in parallel to the desktop version.<\/p>\n<p>The Microsoft Office package also supports the ISO-certified Microsoft Office Open XML format for the first time. In addition, Microsoft Office 2010 offers a revised ribbon menu navigation in the Microsoft Windows-7 look and powerful functions for the Microsoft Office button.<\/p>\n<p>Microsoft Office 2010 Professional Plus includes these applications:<\/p>\n<ul>\n<li><strong>Word 2010<\/strong> - for the creation of appealing documents<\/li>\n<li><strong>Excel 2010<\/strong> - for analyses and evaluations<\/li>\n<li><strong>PowerPoint 2010<\/strong> - for sophisticated presentations<\/li>\n<li><strong>Outlook 2010<\/strong> - for managing your e-mails, contacts, schedules and tasks<\/li>\n<li><strong>OneNote 2010<\/strong> - for your notes<\/li>\n<li><strong>Publisher 2010<\/strong> - for the creation of professional publications<\/li>\n<li><strong>Addition 2010<\/strong> - for browser-based database applications<\/li>\n<li><strong>Web applications<\/strong> (Word, Excel, PowerPoint, OneNote)<\/li>\n<li><strong>InfoPath<\/strong> - for designing, distributing and completing electronic forms<\/li>\n<li><strong>Communicator<\/strong> - for contact with customers and colleagues<\/li>\n<li><strong>SharePoint workspace<\/strong> - for location-independent collaboration with customers, colleagues and suppliers<\/li>\n<\/ul>\n<p><strong>System requirements:<\/strong><\/p>\n<ul>\n<li><strong>Processor:<\/strong> 500 megahertz (MHz) processor or better; 1 gigahertz (GHz) for Outlook with Business Contact Manager<\/li>\n<li><strong>RAM:<\/strong> 512 megabytes (MB) of RAM or more (although this is a very low requirement)<\/li>\n<li><strong>Available hard disk space:<\/strong> 3.5 Gigabyte (GB)<\/li>\n<li><strong>For the 32-bit version of Microsoft Office 2010:<\/strong> Microsoft Windows XP (SP 3), Microsoft Windows Server 2003 (SP2), MSXML 6.0<\/li>\n<li><strong>For the 32- or 64-bit versions of Microsoft Office 2010:<\/strong> Microsoft Windows Vista (SP1), Microsoft Windows Server 2008, Microsoft Windows 7, Terminal Server, Microsoft Windows on Microsoft Windows (WOW)<\/li>\n<\/ul>\n<p><strong>Support:<\/strong><\/p>\n<p>If you have any questions, please do not hesitate to <a href=\"mailto:germany@dl-winandoffice.com\">by e-mail<\/a> to contact us. Our customer support is available 7 days a week, 24 hours a day.<\/p>","protected":false},"excerpt":{"rendered":"<ul>\n<li>Microsoft Office 2010 Professional Plus for 3 PCs<\/li>\n<li><strong>With this license, the software can be activated on 3 different devices, e.g. home PC, notebook and work PC.<\/strong><\/li>\n<li>Version for 32 and 64 bit systems<\/li>\n<li>Delivery by e-mail: Product key, instructions, download links, invoice<\/li>\n<li><strong>30 days full refund - Lifetime replacement guarantee!!!<\/strong><\/li>\n<li>Instant download!<\/li>\n<li>No time limit, no subscription<\/li>\n<li>Free support with installation and activation<\/li>\n<li>No delivery on data carriers (USB, CD, etc.)<\/li>\n<li>Activation online and by phone<\/li>\n<li><strong>This product is compatible with Windows.<\/strong><\/li>\n<li><strong>NOT compatible with Apple macOS\u2122, Apple processors, Parallels for Mac, Android devices and Chromebooks.<\/strong><\/li>\n<\/ul>","protected":false},"featured_media":8044,"comment_status":"open","ping_status":"closed","template":"","meta":{"_acf_changed":false},"product_brand":[],"product_cat":[155],"product_tag":[108,111],"class_list":{"0":"post-8043","1":"product","2":"type-product","3":"status-publish","4":"has-post-thumbnail","6":"product_cat-microsoft-office","7":"product_tag-ms-office","8":"product_tag-ms-office-2010","10":"first","11":"instock","12":"sale","13":"virtual","14":"purchasable","15":"product-type-simple"},"acf":[],"yoast_head":"<!-- This site is optimized with the Yoast SEO plugin v27.4 - https:\/\/yoast.com\/product\/yoast-seo-wordpress\/ -->\n<title>Microsoft Office 2010 Professional Plus Lizenz f\u00fcr 3PC - Win &amp; Office WS<\/title>\n<meta name=\"robots\" content=\"index, follow, max-snippet:-1, max-image-preview:large, max-video-preview:-1\" \/>\n<link rel=\"canonical\" href=\"https:\/\/winandofficews.com\/en\/product\/microsoft-office-2010-professional-plus-license-for-3-devices\/\" \/>\n<meta property=\"og:locale\" content=\"en_US\" \/>\n<meta property=\"og:type\" content=\"article\" \/>\n<meta property=\"og:title\" content=\"Microsoft Office 2010 Professional Plus Lizenz f\u00fcr 3PC - Win &amp; Office WS\" \/>\n<meta property=\"og:description\" content=\"Microsoft Office 2010 Professional Plus f\u00fcr 3 PC  Mit dieser Lizenz kann die Software auf 3 verschiedenen Ger\u00e4ten aktiviert werden, z.B. Heim-PC, Notebook und Arbeits-PC.  Version f\u00fcr 32 und 64 Bit-Systeme  Versand per E-Mail: Produktschl\u00fcssel, Anleitung, Downloadlinks, Rechnung  30 Tage volle R\u00fcckerstattung \u2013 Lebenslange Ersatzgarantie!!!  Sofort-Download!  Keine zeitliche Begrenzung, kein Abo  Kostenlose Unterst\u00fctzung bei der Installation und Aktivierung  Keine Lieferung auf Datentr\u00e4ger (USB, CD, usw.)  Aktivierung online und per Telefon  Dieses Produkt ist mit Windows kompatibel.  NICHT kompatibel mit Apple macOS\u2122, Apple-Prozessoren, Parallels f\u00fcr Mac, Android-Ger\u00e4ten und Chromebooks.\" \/>\n<meta property=\"og:url\" content=\"https:\/\/winandofficews.com\/en\/product\/microsoft-office-2010-professional-plus-license-for-3-devices\/\" \/>\n<meta property=\"og:site_name\" content=\"Win &amp; Office WS\" \/>\n<meta property=\"article:publisher\" content=\"https:\/\/www.facebook.com\/winandofficews\/\" \/>\n<meta property=\"article:modified_time\" content=\"2026-04-03T09:48:24+00:00\" \/>\n<meta property=\"og:image\" content=\"https:\/\/winandofficews.com\/wp-content\/uploads\/O10P.png\" \/>\n\t<meta property=\"og:image:width\" content=\"600\" \/>\n\t<meta property=\"og:image:height\" content=\"600\" \/>\n\t<meta property=\"og:image:type\" content=\"image\/png\" \/>\n<meta name=\"twitter:card\" content=\"summary_large_image\" \/>\n<meta name=\"twitter:site\" content=\"@WINDOWSANDOFFI1\" \/>\n<meta name=\"twitter:label1\" content=\"Est. reading time\" \/>\n\t<meta name=\"twitter:data1\" content=\"2 minutes\" \/>\n<script type=\"application\/ld+json\" class=\"yoast-schema-graph\">{\"@context\":\"https:\\\/\\\/schema.org\",\"@graph\":[{\"@type\":\"WebPage\",\"@id\":\"https:\\\/\\\/winandofficews.com\\\/product\\\/microsoft-office-2010-professional-plus-license-for-3-devices\\\/\",\"url\":\"https:\\\/\\\/winandofficews.com\\\/product\\\/microsoft-office-2010-professional-plus-license-for-3-devices\\\/\",\"name\":\"Microsoft Office 2010 Professional Plus Lizenz f\u00fcr 3PC - Win &amp; Office WS\",\"isPartOf\":{\"@id\":\"https:\\\/\\\/winandofficews.com\\\/#website\"},\"primaryImageOfPage\":{\"@id\":\"https:\\\/\\\/winandofficews.com\\\/product\\\/microsoft-office-2010-professional-plus-license-for-3-devices\\\/#primaryimage\"},\"image\":{\"@id\":\"https:\\\/\\\/winandofficews.com\\\/product\\\/microsoft-office-2010-professional-plus-license-for-3-devices\\\/#primaryimage\"},\"thumbnailUrl\":\"https:\\\/\\\/winandofficews.com\\\/wp-content\\\/uploads\\\/O10P.png\",\"datePublished\":\"2024-11-24T10:25:51+00:00\",\"dateModified\":\"2026-04-03T09:48:24+00:00\",\"breadcrumb\":{\"@id\":\"https:\\\/\\\/winandofficews.com\\\/product\\\/microsoft-office-2010-professional-plus-license-for-3-devices\\\/#breadcrumb\"},\"inLanguage\":\"en-US\",\"potentialAction\":[{\"@type\":\"ReadAction\",\"target\":[\"https:\\\/\\\/winandofficews.com\\\/product\\\/microsoft-office-2010-professional-plus-license-for-3-devices\\\/\"]}]},{\"@type\":\"ImageObject\",\"inLanguage\":\"en-US\",\"@id\":\"https:\\\/\\\/winandofficews.com\\\/product\\\/microsoft-office-2010-professional-plus-license-for-3-devices\\\/#primaryimage\",\"url\":\"https:\\\/\\\/winandofficews.com\\\/wp-content\\\/uploads\\\/O10P.png\",\"contentUrl\":\"https:\\\/\\\/winandofficews.com\\\/wp-content\\\/uploads\\\/O10P.png\",\"width\":600,\"height\":600},{\"@type\":\"BreadcrumbList\",\"@id\":\"https:\\\/\\\/winandofficews.com\\\/product\\\/microsoft-office-2010-professional-plus-license-for-3-devices\\\/#breadcrumb\",\"itemListElement\":[{\"@type\":\"ListItem\",\"position\":1,\"name\":\"Home\",\"item\":\"https:\\\/\\\/winandofficews.com\\\/\"},{\"@type\":\"ListItem\",\"position\":2,\"name\":\"Shop\",\"item\":\"https:\\\/\\\/winandofficews.com\\\/shop\\\/\"},{\"@type\":\"ListItem\",\"position\":3,\"name\":\"Microsoft Office 2010 Professional Plus Lizenz f\u00fcr 3PC\"}]},{\"@type\":\"WebSite\",\"@id\":\"https:\\\/\\\/winandofficews.com\\\/#website\",\"url\":\"https:\\\/\\\/winandofficews.com\\\/\",\"name\":\"Win & Office WS\",\"description\":\"Wholesales Store of Office\",\"publisher\":{\"@id\":\"https:\\\/\\\/winandofficews.com\\\/#organization\"},\"potentialAction\":[{\"@type\":\"SearchAction\",\"target\":{\"@type\":\"EntryPoint\",\"urlTemplate\":\"https:\\\/\\\/winandofficews.com\\\/?s={search_term_string}\"},\"query-input\":{\"@type\":\"PropertyValueSpecification\",\"valueRequired\":true,\"valueName\":\"search_term_string\"}}],\"inLanguage\":\"en-US\"},{\"@type\":\"Organization\",\"@id\":\"https:\\\/\\\/winandofficews.com\\\/#organization\",\"name\":\"Win & Office WS\",\"url\":\"https:\\\/\\\/winandofficews.com\\\/\",\"logo\":{\"@type\":\"ImageObject\",\"inLanguage\":\"en-US\",\"@id\":\"https:\\\/\\\/winandofficews.com\\\/#\\\/schema\\\/logo\\\/image\\\/\",\"url\":\"https:\\\/\\\/winandofficews.com\\\/wp-content\\\/uploads\\\/logo14.png\",\"contentUrl\":\"https:\\\/\\\/winandofficews.com\\\/wp-content\\\/uploads\\\/logo14.png\",\"width\":322,\"height\":116,\"caption\":\"Win & Office WS\"},\"image\":{\"@id\":\"https:\\\/\\\/winandofficews.com\\\/#\\\/schema\\\/logo\\\/image\\\/\"},\"sameAs\":[\"https:\\\/\\\/www.facebook.com\\\/winandofficews\\\/\",\"https:\\\/\\\/x.com\\\/WINDOWSANDOFFI1\",\"https:\\\/\\\/www.instagram.com\\\/winandoffice.ws\\\/\",\"https:\\\/\\\/de.pinterest.com\\\/winandofficews_official\\\/\",\"https:\\\/\\\/www.tiktok.com\\\/@winandofficews\",\"https:\\\/\\\/www.youtube.com\\\/channel\\\/UCPI87ZZIvl272mOtG5sL8Cg\",\"https:\\\/\\\/de.trustpilot.com\\\/review\\\/winandofficews.com\",\"https:\\\/\\\/www.trustami.com\\\/review\\\/win-and-office-wholesales-rating\"]}]}<\/script>\n<!-- \/ Yoast SEO plugin. -->","yoast_head_json":{"title":"Microsoft Office 2010 Professional Plus Lizenz f\u00fcr 3PC - Win &amp; Office WS","robots":{"index":"index","follow":"follow","max-snippet":"max-snippet:-1","max-image-preview":"max-image-preview:large","max-video-preview":"max-video-preview:-1"},"canonical":"https:\/\/winandofficews.com\/en\/product\/microsoft-office-2010-professional-plus-license-for-3-devices\/","og_locale":"en_US","og_type":"article","og_title":"Microsoft Office 2010 Professional Plus Lizenz f\u00fcr 3PC - Win &amp; Office WS","og_description":"Microsoft Office 2010 Professional Plus f\u00fcr 3 PC  Mit dieser Lizenz kann die Software auf 3 verschiedenen Ger\u00e4ten aktiviert werden, z.B. Heim-PC, Notebook und Arbeits-PC.  Version f\u00fcr 32 und 64 Bit-Systeme  Versand per E-Mail: Produktschl\u00fcssel, Anleitung, Downloadlinks, Rechnung  30 Tage volle R\u00fcckerstattung \u2013 Lebenslange Ersatzgarantie!!!  Sofort-Download!  Keine zeitliche Begrenzung, kein Abo  Kostenlose Unterst\u00fctzung bei der Installation und Aktivierung  Keine Lieferung auf Datentr\u00e4ger (USB, CD, usw.)  Aktivierung online und per Telefon  Dieses Produkt ist mit Windows kompatibel.  NICHT kompatibel mit Apple macOS\u2122, Apple-Prozessoren, Parallels f\u00fcr Mac, Android-Ger\u00e4ten und Chromebooks.","og_url":"https:\/\/winandofficews.com\/en\/product\/microsoft-office-2010-professional-plus-license-for-3-devices\/","og_site_name":"Win &amp; Office WS","article_publisher":"https:\/\/www.facebook.com\/winandofficews\/","article_modified_time":"2026-04-03T09:48:24+00:00","og_image":[{"width":600,"height":600,"url":"https:\/\/winandofficews.com\/wp-content\/uploads\/O10P.png","type":"image\/png"}],"twitter_card":"summary_large_image","twitter_site":"@WINDOWSANDOFFI1","twitter_misc":{"Est. reading time":"2 minutes"},"schema":{"@context":"https:\/\/schema.org","@graph":[{"@type":"WebPage","@id":"https:\/\/winandofficews.com\/product\/microsoft-office-2010-professional-plus-license-for-3-devices\/","url":"https:\/\/winandofficews.com\/product\/microsoft-office-2010-professional-plus-license-for-3-devices\/","name":"Microsoft Office 2010 Professional Plus Lizenz f\u00fcr 3PC - Win &amp; Office WS","isPartOf":{"@id":"https:\/\/winandofficews.com\/#website"},"primaryImageOfPage":{"@id":"https:\/\/winandofficews.com\/product\/microsoft-office-2010-professional-plus-license-for-3-devices\/#primaryimage"},"image":{"@id":"https:\/\/winandofficews.com\/product\/microsoft-office-2010-professional-plus-license-for-3-devices\/#primaryimage"},"thumbnailUrl":"https:\/\/winandofficews.com\/wp-content\/uploads\/O10P.png","datePublished":"2024-11-24T10:25:51+00:00","dateModified":"2026-04-03T09:48:24+00:00","breadcrumb":{"@id":"https:\/\/winandofficews.com\/product\/microsoft-office-2010-professional-plus-license-for-3-devices\/#breadcrumb"},"inLanguage":"en-US","potentialAction":[{"@type":"ReadAction","target":["https:\/\/winandofficews.com\/product\/microsoft-office-2010-professional-plus-license-for-3-devices\/"]}]},{"@type":"ImageObject","inLanguage":"en-US","@id":"https:\/\/winandofficews.com\/product\/microsoft-office-2010-professional-plus-license-for-3-devices\/#primaryimage","url":"https:\/\/winandofficews.com\/wp-content\/uploads\/O10P.png","contentUrl":"https:\/\/winandofficews.com\/wp-content\/uploads\/O10P.png","width":600,"height":600},{"@type":"BreadcrumbList","@id":"https:\/\/winandofficews.com\/product\/microsoft-office-2010-professional-plus-license-for-3-devices\/#breadcrumb","itemListElement":[{"@type":"ListItem","position":1,"name":"Home","item":"https:\/\/winandofficews.com\/"},{"@type":"ListItem","position":2,"name":"Shop","item":"https:\/\/winandofficews.com\/shop\/"},{"@type":"ListItem","position":3,"name":"Microsoft Office 2010 Professional Plus Lizenz f\u00fcr 3PC"}]},{"@type":"WebSite","@id":"https:\/\/winandofficews.com\/#website","url":"https:\/\/winandofficews.com\/","name":"Win &amp; Office WS","description":"Wholesales Store of Office","publisher":{"@id":"https:\/\/winandofficews.com\/#organization"},"potentialAction":[{"@type":"SearchAction","target":{"@type":"EntryPoint","urlTemplate":"https:\/\/winandofficews.com\/?s={search_term_string}"},"query-input":{"@type":"PropertyValueSpecification","valueRequired":true,"valueName":"search_term_string"}}],"inLanguage":"en-US"},{"@type":"Organization","@id":"https:\/\/winandofficews.com\/#organization","name":"Win &amp; Office WS","url":"https:\/\/winandofficews.com\/","logo":{"@type":"ImageObject","inLanguage":"en-US","@id":"https:\/\/winandofficews.com\/#\/schema\/logo\/image\/","url":"https:\/\/winandofficews.com\/wp-content\/uploads\/logo14.png","contentUrl":"https:\/\/winandofficews.com\/wp-content\/uploads\/logo14.png","width":322,"height":116,"caption":"Win & Office WS"},"image":{"@id":"https:\/\/winandofficews.com\/#\/schema\/logo\/image\/"},"sameAs":["https:\/\/www.facebook.com\/winandofficews\/","https:\/\/x.com\/WINDOWSANDOFFI1","https:\/\/www.instagram.com\/winandoffice.ws\/","https:\/\/de.pinterest.com\/winandofficews_official\/","https:\/\/www.tiktok.com\/@winandofficews","https:\/\/www.youtube.com\/channel\/UCPI87ZZIvl272mOtG5sL8Cg","https:\/\/de.trustpilot.com\/review\/winandofficews.com","https:\/\/www.trustami.com\/review\/win-and-office-wholesales-rating"]}]}},"_links":{"self":[{"href":"https:\/\/winandofficews.com\/en\/wp-json\/wp\/v2\/product\/8043","targetHints":{"allow":["GET"]}}],"collection":[{"href":"https:\/\/winandofficews.com\/en\/wp-json\/wp\/v2\/product"}],"about":[{"href":"https:\/\/winandofficews.com\/en\/wp-json\/wp\/v2\/types\/product"}],"replies":[{"embeddable":true,"href":"https:\/\/winandofficews.com\/en\/wp-json\/wp\/v2\/comments?post=8043"}],"wp:featuredmedia":[{"embeddable":true,"href":"https:\/\/winandofficews.com\/en\/wp-json\/wp\/v2\/media\/8044"}],"wp:attachment":[{"href":"https:\/\/winandofficews.com\/en\/wp-json\/wp\/v2\/media?parent=8043"}],"wp:term":[{"taxonomy":"product_brand","embeddable":true,"href":"https:\/\/winandofficews.com\/en\/wp-json\/wp\/v2\/product_brand?post=8043"},{"taxonomy":"product_cat","embeddable":true,"href":"https:\/\/winandofficews.com\/en\/wp-json\/wp\/v2\/product_cat?post=8043"},{"taxonomy":"product_tag","embeddable":true,"href":"https:\/\/winandofficews.com\/en\/wp-json\/wp\/v2\/product_tag?post=8043"}],"curies":[{"name":"wp","href":"https:\/\/api.w.org\/{rel}","templated":true}]}}