{"id":8007,"date":"2024-11-24T11:24:19","date_gmt":"2024-11-24T10:24:19","guid":{"rendered":"https:\/\/winandofficews.com\/?post_type=product&#038;p=8007"},"modified":"2026-04-03T11:48:15","modified_gmt":"2026-04-03T09:48:15","slug":"microsoft-windows-11-professional-microsoft-project-2021-professional-microsoft-office-2021-professional-microsoft-visio-2021-standard-license-for-3-devices","status":"publish","type":"product","link":"https:\/\/winandofficews.com\/en\/product\/microsoft-windows-11-professional-microsoft-project-2021-professional-microsoft-office-2021-professional-microsoft-visio-2021-standard-license-for-3-devices\/","title":{"rendered":"Microsoft Windows 11 Professional+ Microsoft Office 2021 Professional Plus + Microsoft Project 2021 Professional + Microsoft Visio 2021 Standard License for 3PC"},"content":{"rendered":"<h3>Microsoft Windows 11 Professional<\/h3>\n<p><strong>With this license, the software can be activated on 3 different devices, e.g. home PC, notebook and work PC.<\/strong><\/p>\n<h4>System requirements<\/h4>\n<ul>\n<li><strong>Processor:<\/strong> 1 gigahertz (GHz) or faster with 2 or more cores on one <strong><a href=\"https:\/\/www.microsoft.com\/de-de\/windows\/windows-11-specifications\" rel=\"noopener\">compatible 64-bit processor<\/a><\/strong> oder SoC (System on a Chip)<\/li>\n<li><strong>RAM:<\/strong> 4 Gigabyte (GB)<\/li>\n<li><strong>Storage space:<\/strong> 64 GB or more<\/li>\n<li><strong>System-Firmware:<\/strong> UEFI, Secure Boot capable<\/li>\n<li><strong>TPM:<\/strong> Trusted Platform Module (TPM) Version 2.0<\/li>\n<li><strong>Graphics card:<\/strong> Kompatibel mit DirectX 12 oder h\u00f6her mit WDDM 2.0-Treiber<\/li>\n<li><strong>Display:<\/strong> Hochaufl\u00f6sendes Display (720p) mit einer Diagonale von mehr als 9 Zoll, 8 Bit pro Farbkanal<\/li>\n<li><strong>Internet connection and Microsoft account:<\/strong>\n<ul>\n<li>Eine Internetverbindung und ein Microsoft-Konto sind erforderlich, um die Einrichtung des Ger\u00e4ts bei der ersten Verwendung abzuschlie\u00dfen<\/li>\n<li>Das Umschalten eines Ger\u00e4ts aus Microsoft Windows 11 Home im S-Modus erfordert ebenfalls eine Internetverbindung<\/li>\n<li>Internetzugang ist erforderlich, um Updates durchzuf\u00fchren sowie bestimmte Funktionen herunterzuladen und zu nutzen<\/li>\n<li>F\u00fcr einige Funktionen ist ein Microsoft-Konto erforderlich<\/li>\n<\/ul>\n<\/li>\n<\/ul>\n<p>Note: See below under \u201eMore information on storage space to keep Microsoft Windows 11 up to date\u201c for more details.<\/p>\n<p>Over time, there may be additional requirements for updates and requirements to activate certain functions within the operating system.<\/p>\n<h3>Microsoft Project 2021 Professional<\/h3>\n<p><strong>With this license, the software can be activated on 3 different devices, e.g. home PC, notebook and work PC.<\/strong><\/p>\n<p>The powerful Microsoft Project Professional 2021 Edition offers extended functions and new interfaces to MS SharePoint, Microsoft Project Server and Skype. The software takes full advantage of the numerous benefits of the Microsoft Windows 10 or 11 operating system, but is not supported on older Microsoft Windows versions. MS Microsoft Project Professional 2021 is primarily aimed at project managers in companies who plan, manage, document and later analyze their individual projects.<\/p>\n<h3>Microsoft Office 2021 Professional<\/h3>\n<p><strong>With this license, the software can be activated on 3 different devices, e.g. home PC, notebook and work PC.<\/strong><\/p>\n<p>Microsoft Office Users who use the full range of applications at home or in the office are well advised to choose the Microsoft Office 2021 Professional Plus Edition. All important programs are included: Word, Excel, Outlook, PowerPoint, Publisher and Access. OneNote is now available to download from the Microsoft Windows Store so that you can quickly take notes and make them available on all devices via the cloud. Due to the large selection of different programs, the Professional Plus version is primarily aimed at people who work at home or in the office and are looking for a powerful, reliable solution to organize documents, spreadsheets, etc.<\/p>\n<ul>\n<li><strong>Word<\/strong>Create professional-quality text documents in no time at all.<\/li>\n<li><strong>Excel<\/strong>: Intelligent spreadsheets for information management<\/li>\n<li><strong>Power Point<\/strong>Create impressive dynamic presentations<\/li>\n<li><strong>OneNote<\/strong>: Your digital notebook<\/li>\n<li><strong>Outlook<\/strong>Communication made easy<\/li>\n<li><strong>Publisher<\/strong>: Layout creation for professional publications<\/li>\n<li><strong>Access<\/strong>Database programming for browser-based apps<\/li>\n<li><strong>Microsoft Teams<\/strong>More productivity through instant messaging and HD video conferencing. (available for download separately)<\/li>\n<\/ul>\n<p>NOTE: Due to a <a href=\"https:\/\/blogs.microsoft.com\/eupolicy\/2023\/08\/31\/european-competition-teams-office-microsoft-365\/\" target=\"_blank\" rel=\"noopener\">European Commission investigation<\/a>, Microsoft no longer bundles a Teams license with Office products. You can <a href=\"https:\/\/www.microsoft.com\/en-us\/microsoft-teams\/download-app\" target=\"_blank\" rel=\"noopener\">Download teams<\/a>, to use it with a free or paid license (purchased separately), depending on your needs.<\/p>\n<h3>Microsoft Visio 2021 Standard<\/h3>\n<p><strong>With this license, the software can be activated on 3 different devices, e.g. home PC, notebook and work PC.<\/strong><\/p>\n<p>Microsoft Visio Standard 2021 is the latest generation of the popular Microsoft software for creating and editing diagrams and visualizations. Microsoft Visio Standard is particularly suitable for companies, as several users in a team or department can work on the diagrams simultaneously. Many interfaces are available to share the finished visualizations internally and externally with selected people. Microsoft has worked intensively on the templates and shapes that are used continuously in Microsoft Visio. The styles of the diagrams have also been improved to make them more visually impressive while making the diagrams easier to read. With Microsoft Visio Standard 2021, you also have the option of feeding data into an existing visualization in real time.<\/p>\n<p><strong>Support:<\/strong><\/p>\n<p>If you have any questions, please do not hesitate to <a href=\"mailto:germany@dl-winandoffice.com\">by e-mail<\/a> to contact us. Our customer support is available 7 days a week, 24 hours a day.<\/p>","protected":false},"excerpt":{"rendered":"<ul>\n<li>Value package Microsoft Windows 11 Pro + Microsoft Office 2021 Pro Plus + Microsoft Project 2021 Pro + Microsoft Visio 2021 Standard License for 3 PCs<\/li>\n<li><strong>With this license, the software can be activated on 3 different devices, e.g. home PC, notebook and work PC<\/strong><\/li>\n<li>30-day money-back guarantee - Lifetime replacement guarantee<\/li>\n<li>Version for 64-bit systems available<\/li>\n<li>Lieferung per E-Mail: Produktschl\u00fcssel, Anleitung, Downloadlinks und Rechnung<\/li>\n<li>Instant download<\/li>\n<li>No time limit, no subscription<\/li>\n<li>Free support for installation and activation<\/li>\n<li>Nicht verf\u00fcgbar auf physischen Datentr\u00e4gern (USB, CD usw.)<\/li>\n<li>Activation online or by telephone<\/li>\n<li><strong>Compatible with Windows<\/strong><\/li>\n<li><strong>Not compatible with macOS\u2122, Apple processors, Parallels for Mac, Android devices and Chromebooks<\/strong><\/li>\n<\/ul>","protected":false},"featured_media":8008,"comment_status":"open","ping_status":"closed","template":"","meta":{"_acf_changed":false},"product_brand":[],"product_cat":[157],"product_tag":[],"class_list":{"0":"post-8007","1":"product","2":"type-product","3":"status-publish","4":"has-post-thumbnail","6":"product_cat-combo","8":"first","9":"instock","10":"sale","11":"virtual","12":"taxable","13":"purchasable","14":"product-type-simple"},"acf":[],"yoast_head":"<!-- This site is optimized with the Yoast SEO plugin v27.3 - https:\/\/yoast.com\/product\/yoast-seo-wordpress\/ -->\n<title>Microsoft Windows 11 Professional+ Microsoft Office 2021 Professional Plus + Microsoft Project 2021 Professional + Microsoft Visio 2021 Standard Lizenz f\u00fcr 3PC - Win &amp; Office WS<\/title>\n<meta name=\"robots\" content=\"index, follow, max-snippet:-1, max-image-preview:large, max-video-preview:-1\" \/>\n<link rel=\"canonical\" href=\"https:\/\/winandofficews.com\/en\/product\/microsoft-windows-11-professional-microsoft-project-2021-professional-microsoft-office-2021-professional-microsoft-visio-2021-standard-license-for-3-devices\/\" \/>\n<meta property=\"og:locale\" content=\"en_US\" \/>\n<meta property=\"og:type\" content=\"article\" \/>\n<meta property=\"og:title\" content=\"Microsoft Windows 11 Professional+ Microsoft Office 2021 Professional Plus + Microsoft Project 2021 Professional + Microsoft Visio 2021 Standard Lizenz f\u00fcr 3PC - Win &amp; Office WS\" \/>\n<meta property=\"og:description\" content=\"Vorteilspaket Microsoft Windows 11 Pro + Microsoft Office 2021 Pro Plus + Microsoft Project 2021 Pro + Microsoft Visio 2021 Standard Lizenz f\u00fcr 3 PC  Mit dieser Lizenz kann die Software auf 3 verschiedenen Ger\u00e4ten aktiviert werden, z. B. Heim-PC, Notebook und Arbeits-PC  30 Tage Geld-zur\u00fcck-Garantie \u2013 Lebenslange Ersatzgarantie  Version f\u00fcr 64-Bit-Systeme verf\u00fcgbar  Lieferung per E-Mail: Produktschl\u00fcssel, Anleitung, Downloadlinks und Rechnung  Sofort-Download  Keine zeitliche Begrenzung, kein Abonnement  Kostenloser Support bei Installation und Aktivierung  Nicht verf\u00fcgbar auf physischen Datentr\u00e4gern (USB, CD usw.)  Aktivierung online oder telefonisch  Kompatibel mit Windows  Nicht kompatibel mit macOS\u2122, Apple-Prozessoren, Parallels f\u00fcr Mac, Android-Ger\u00e4ten und Chromebooks\" \/>\n<meta property=\"og:url\" content=\"https:\/\/winandofficews.com\/en\/product\/microsoft-windows-11-professional-microsoft-project-2021-professional-microsoft-office-2021-professional-microsoft-visio-2021-standard-license-for-3-devices\/\" \/>\n<meta property=\"og:site_name\" content=\"Win &amp; Office WS\" \/>\n<meta property=\"article:publisher\" content=\"https:\/\/www.facebook.com\/winandofficews\/\" \/>\n<meta property=\"article:modified_time\" content=\"2026-04-03T09:48:15+00:00\" \/>\n<meta property=\"og:image\" content=\"https:\/\/winandofficews.com\/wp-content\/uploads\/W11PO21PP21PV21S.png\" \/>\n\t<meta property=\"og:image:width\" content=\"600\" \/>\n\t<meta property=\"og:image:height\" content=\"600\" \/>\n\t<meta property=\"og:image:type\" content=\"image\/png\" \/>\n<meta name=\"twitter:card\" content=\"summary_large_image\" \/>\n<meta name=\"twitter:site\" content=\"@WINDOWSANDOFFI1\" \/>\n<meta name=\"twitter:label1\" content=\"Est. reading time\" \/>\n\t<meta name=\"twitter:data1\" content=\"4 minutes\" \/>\n<script type=\"application\/ld+json\" class=\"yoast-schema-graph\">{\"@context\":\"https:\\\/\\\/schema.org\",\"@graph\":[{\"@type\":\"WebPage\",\"@id\":\"https:\\\/\\\/winandofficews.com\\\/product\\\/microsoft-windows-11-professional-microsoft-project-2021-professional-microsoft-office-2021-professional-microsoft-visio-2021-standard-license-for-3-devices\\\/\",\"url\":\"https:\\\/\\\/winandofficews.com\\\/product\\\/microsoft-windows-11-professional-microsoft-project-2021-professional-microsoft-office-2021-professional-microsoft-visio-2021-standard-license-for-3-devices\\\/\",\"name\":\"Microsoft Windows 11 Professional+ Microsoft Office 2021 Professional Plus + Microsoft Project 2021 Professional + Microsoft Visio 2021 Standard Lizenz f\u00fcr 3PC - Win &amp; Office WS\",\"isPartOf\":{\"@id\":\"https:\\\/\\\/winandofficews.com\\\/#website\"},\"primaryImageOfPage\":{\"@id\":\"https:\\\/\\\/winandofficews.com\\\/product\\\/microsoft-windows-11-professional-microsoft-project-2021-professional-microsoft-office-2021-professional-microsoft-visio-2021-standard-license-for-3-devices\\\/#primaryimage\"},\"image\":{\"@id\":\"https:\\\/\\\/winandofficews.com\\\/product\\\/microsoft-windows-11-professional-microsoft-project-2021-professional-microsoft-office-2021-professional-microsoft-visio-2021-standard-license-for-3-devices\\\/#primaryimage\"},\"thumbnailUrl\":\"https:\\\/\\\/winandofficews.com\\\/wp-content\\\/uploads\\\/W11PO21PP21PV21S.png\",\"datePublished\":\"2024-11-24T10:24:19+00:00\",\"dateModified\":\"2026-04-03T09:48:15+00:00\",\"breadcrumb\":{\"@id\":\"https:\\\/\\\/winandofficews.com\\\/product\\\/microsoft-windows-11-professional-microsoft-project-2021-professional-microsoft-office-2021-professional-microsoft-visio-2021-standard-license-for-3-devices\\\/#breadcrumb\"},\"inLanguage\":\"en-US\",\"potentialAction\":[{\"@type\":\"ReadAction\",\"target\":[\"https:\\\/\\\/winandofficews.com\\\/product\\\/microsoft-windows-11-professional-microsoft-project-2021-professional-microsoft-office-2021-professional-microsoft-visio-2021-standard-license-for-3-devices\\\/\"]}]},{\"@type\":\"ImageObject\",\"inLanguage\":\"en-US\",\"@id\":\"https:\\\/\\\/winandofficews.com\\\/product\\\/microsoft-windows-11-professional-microsoft-project-2021-professional-microsoft-office-2021-professional-microsoft-visio-2021-standard-license-for-3-devices\\\/#primaryimage\",\"url\":\"https:\\\/\\\/winandofficews.com\\\/wp-content\\\/uploads\\\/W11PO21PP21PV21S.png\",\"contentUrl\":\"https:\\\/\\\/winandofficews.com\\\/wp-content\\\/uploads\\\/W11PO21PP21PV21S.png\",\"width\":600,\"height\":600},{\"@type\":\"BreadcrumbList\",\"@id\":\"https:\\\/\\\/winandofficews.com\\\/product\\\/microsoft-windows-11-professional-microsoft-project-2021-professional-microsoft-office-2021-professional-microsoft-visio-2021-standard-license-for-3-devices\\\/#breadcrumb\",\"itemListElement\":[{\"@type\":\"ListItem\",\"position\":1,\"name\":\"Home\",\"item\":\"https:\\\/\\\/winandofficews.com\\\/\"},{\"@type\":\"ListItem\",\"position\":2,\"name\":\"Shop\",\"item\":\"https:\\\/\\\/winandofficews.com\\\/shop\\\/\"},{\"@type\":\"ListItem\",\"position\":3,\"name\":\"Microsoft Windows 11 Professional+ Microsoft Office 2021 Professional Plus + Microsoft Project 2021 Professional + Microsoft Visio 2021 Standard Lizenz f\u00fcr 3PC\"}]},{\"@type\":\"WebSite\",\"@id\":\"https:\\\/\\\/winandofficews.com\\\/#website\",\"url\":\"https:\\\/\\\/winandofficews.com\\\/\",\"name\":\"Win & Office WS\",\"description\":\"Wholesales Store of Office\",\"publisher\":{\"@id\":\"https:\\\/\\\/winandofficews.com\\\/#organization\"},\"potentialAction\":[{\"@type\":\"SearchAction\",\"target\":{\"@type\":\"EntryPoint\",\"urlTemplate\":\"https:\\\/\\\/winandofficews.com\\\/?s={search_term_string}\"},\"query-input\":{\"@type\":\"PropertyValueSpecification\",\"valueRequired\":true,\"valueName\":\"search_term_string\"}}],\"inLanguage\":\"en-US\"},{\"@type\":\"Organization\",\"@id\":\"https:\\\/\\\/winandofficews.com\\\/#organization\",\"name\":\"Win & Office WS\",\"url\":\"https:\\\/\\\/winandofficews.com\\\/\",\"logo\":{\"@type\":\"ImageObject\",\"inLanguage\":\"en-US\",\"@id\":\"https:\\\/\\\/winandofficews.com\\\/#\\\/schema\\\/logo\\\/image\\\/\",\"url\":\"https:\\\/\\\/winandofficews.com\\\/wp-content\\\/uploads\\\/logo14.png\",\"contentUrl\":\"https:\\\/\\\/winandofficews.com\\\/wp-content\\\/uploads\\\/logo14.png\",\"width\":322,\"height\":116,\"caption\":\"Win & Office WS\"},\"image\":{\"@id\":\"https:\\\/\\\/winandofficews.com\\\/#\\\/schema\\\/logo\\\/image\\\/\"},\"sameAs\":[\"https:\\\/\\\/www.facebook.com\\\/winandofficews\\\/\",\"https:\\\/\\\/x.com\\\/WINDOWSANDOFFI1\",\"https:\\\/\\\/www.instagram.com\\\/winandoffice.ws\\\/\",\"https:\\\/\\\/de.pinterest.com\\\/winandofficews_official\\\/\",\"https:\\\/\\\/www.tiktok.com\\\/@winandofficews\",\"https:\\\/\\\/www.youtube.com\\\/channel\\\/UCPI87ZZIvl272mOtG5sL8Cg\",\"https:\\\/\\\/de.trustpilot.com\\\/review\\\/winandofficews.com\",\"https:\\\/\\\/www.trustami.com\\\/review\\\/win-and-office-wholesales-rating\"]}]}<\/script>\n<!-- \/ Yoast SEO plugin. -->","yoast_head_json":{"title":"Microsoft Windows 11 Professional+ Microsoft Office 2021 Professional Plus + Microsoft Project 2021 Professional + Microsoft Visio 2021 Standard Lizenz f\u00fcr 3PC - Win &amp; Office WS","robots":{"index":"index","follow":"follow","max-snippet":"max-snippet:-1","max-image-preview":"max-image-preview:large","max-video-preview":"max-video-preview:-1"},"canonical":"https:\/\/winandofficews.com\/en\/product\/microsoft-windows-11-professional-microsoft-project-2021-professional-microsoft-office-2021-professional-microsoft-visio-2021-standard-license-for-3-devices\/","og_locale":"en_US","og_type":"article","og_title":"Microsoft Windows 11 Professional+ Microsoft Office 2021 Professional Plus + Microsoft Project 2021 Professional + Microsoft Visio 2021 Standard Lizenz f\u00fcr 3PC - Win &amp; Office WS","og_description":"Vorteilspaket Microsoft Windows 11 Pro + Microsoft Office 2021 Pro Plus + Microsoft Project 2021 Pro + Microsoft Visio 2021 Standard Lizenz f\u00fcr 3 PC  Mit dieser Lizenz kann die Software auf 3 verschiedenen Ger\u00e4ten aktiviert werden, z. B. Heim-PC, Notebook und Arbeits-PC  30 Tage Geld-zur\u00fcck-Garantie \u2013 Lebenslange Ersatzgarantie  Version f\u00fcr 64-Bit-Systeme verf\u00fcgbar  Lieferung per E-Mail: Produktschl\u00fcssel, Anleitung, Downloadlinks und Rechnung  Sofort-Download  Keine zeitliche Begrenzung, kein Abonnement  Kostenloser Support bei Installation und Aktivierung  Nicht verf\u00fcgbar auf physischen Datentr\u00e4gern (USB, CD usw.)  Aktivierung online oder telefonisch  Kompatibel mit Windows  Nicht kompatibel mit macOS\u2122, Apple-Prozessoren, Parallels f\u00fcr Mac, Android-Ger\u00e4ten und Chromebooks","og_url":"https:\/\/winandofficews.com\/en\/product\/microsoft-windows-11-professional-microsoft-project-2021-professional-microsoft-office-2021-professional-microsoft-visio-2021-standard-license-for-3-devices\/","og_site_name":"Win &amp; Office WS","article_publisher":"https:\/\/www.facebook.com\/winandofficews\/","article_modified_time":"2026-04-03T09:48:15+00:00","og_image":[{"width":600,"height":600,"url":"https:\/\/winandofficews.com\/wp-content\/uploads\/W11PO21PP21PV21S.png","type":"image\/png"}],"twitter_card":"summary_large_image","twitter_site":"@WINDOWSANDOFFI1","twitter_misc":{"Est. reading time":"4 minutes"},"schema":{"@context":"https:\/\/schema.org","@graph":[{"@type":"WebPage","@id":"https:\/\/winandofficews.com\/product\/microsoft-windows-11-professional-microsoft-project-2021-professional-microsoft-office-2021-professional-microsoft-visio-2021-standard-license-for-3-devices\/","url":"https:\/\/winandofficews.com\/product\/microsoft-windows-11-professional-microsoft-project-2021-professional-microsoft-office-2021-professional-microsoft-visio-2021-standard-license-for-3-devices\/","name":"Microsoft Windows 11 Professional+ Microsoft Office 2021 Professional Plus + Microsoft Project 2021 Professional + Microsoft Visio 2021 Standard Lizenz f\u00fcr 3PC - Win &amp; Office WS","isPartOf":{"@id":"https:\/\/winandofficews.com\/#website"},"primaryImageOfPage":{"@id":"https:\/\/winandofficews.com\/product\/microsoft-windows-11-professional-microsoft-project-2021-professional-microsoft-office-2021-professional-microsoft-visio-2021-standard-license-for-3-devices\/#primaryimage"},"image":{"@id":"https:\/\/winandofficews.com\/product\/microsoft-windows-11-professional-microsoft-project-2021-professional-microsoft-office-2021-professional-microsoft-visio-2021-standard-license-for-3-devices\/#primaryimage"},"thumbnailUrl":"https:\/\/winandofficews.com\/wp-content\/uploads\/W11PO21PP21PV21S.png","datePublished":"2024-11-24T10:24:19+00:00","dateModified":"2026-04-03T09:48:15+00:00","breadcrumb":{"@id":"https:\/\/winandofficews.com\/product\/microsoft-windows-11-professional-microsoft-project-2021-professional-microsoft-office-2021-professional-microsoft-visio-2021-standard-license-for-3-devices\/#breadcrumb"},"inLanguage":"en-US","potentialAction":[{"@type":"ReadAction","target":["https:\/\/winandofficews.com\/product\/microsoft-windows-11-professional-microsoft-project-2021-professional-microsoft-office-2021-professional-microsoft-visio-2021-standard-license-for-3-devices\/"]}]},{"@type":"ImageObject","inLanguage":"en-US","@id":"https:\/\/winandofficews.com\/product\/microsoft-windows-11-professional-microsoft-project-2021-professional-microsoft-office-2021-professional-microsoft-visio-2021-standard-license-for-3-devices\/#primaryimage","url":"https:\/\/winandofficews.com\/wp-content\/uploads\/W11PO21PP21PV21S.png","contentUrl":"https:\/\/winandofficews.com\/wp-content\/uploads\/W11PO21PP21PV21S.png","width":600,"height":600},{"@type":"BreadcrumbList","@id":"https:\/\/winandofficews.com\/product\/microsoft-windows-11-professional-microsoft-project-2021-professional-microsoft-office-2021-professional-microsoft-visio-2021-standard-license-for-3-devices\/#breadcrumb","itemListElement":[{"@type":"ListItem","position":1,"name":"Home","item":"https:\/\/winandofficews.com\/"},{"@type":"ListItem","position":2,"name":"Shop","item":"https:\/\/winandofficews.com\/shop\/"},{"@type":"ListItem","position":3,"name":"Microsoft Windows 11 Professional+ Microsoft Office 2021 Professional Plus + Microsoft Project 2021 Professional + Microsoft Visio 2021 Standard Lizenz f\u00fcr 3PC"}]},{"@type":"WebSite","@id":"https:\/\/winandofficews.com\/#website","url":"https:\/\/winandofficews.com\/","name":"Win & Office WS","description":"Wholesales Store of Office","publisher":{"@id":"https:\/\/winandofficews.com\/#organization"},"potentialAction":[{"@type":"SearchAction","target":{"@type":"EntryPoint","urlTemplate":"https:\/\/winandofficews.com\/?s={search_term_string}"},"query-input":{"@type":"PropertyValueSpecification","valueRequired":true,"valueName":"search_term_string"}}],"inLanguage":"en-US"},{"@type":"Organization","@id":"https:\/\/winandofficews.com\/#organization","name":"Win & Office WS","url":"https:\/\/winandofficews.com\/","logo":{"@type":"ImageObject","inLanguage":"en-US","@id":"https:\/\/winandofficews.com\/#\/schema\/logo\/image\/","url":"https:\/\/winandofficews.com\/wp-content\/uploads\/logo14.png","contentUrl":"https:\/\/winandofficews.com\/wp-content\/uploads\/logo14.png","width":322,"height":116,"caption":"Win & Office WS"},"image":{"@id":"https:\/\/winandofficews.com\/#\/schema\/logo\/image\/"},"sameAs":["https:\/\/www.facebook.com\/winandofficews\/","https:\/\/x.com\/WINDOWSANDOFFI1","https:\/\/www.instagram.com\/winandoffice.ws\/","https:\/\/de.pinterest.com\/winandofficews_official\/","https:\/\/www.tiktok.com\/@winandofficews","https:\/\/www.youtube.com\/channel\/UCPI87ZZIvl272mOtG5sL8Cg","https:\/\/de.trustpilot.com\/review\/winandofficews.com","https:\/\/www.trustami.com\/review\/win-and-office-wholesales-rating"]}]}},"_links":{"self":[{"href":"https:\/\/winandofficews.com\/en\/wp-json\/wp\/v2\/product\/8007","targetHints":{"allow":["GET"]}}],"collection":[{"href":"https:\/\/winandofficews.com\/en\/wp-json\/wp\/v2\/product"}],"about":[{"href":"https:\/\/winandofficews.com\/en\/wp-json\/wp\/v2\/types\/product"}],"replies":[{"embeddable":true,"href":"https:\/\/winandofficews.com\/en\/wp-json\/wp\/v2\/comments?post=8007"}],"wp:featuredmedia":[{"embeddable":true,"href":"https:\/\/winandofficews.com\/en\/wp-json\/wp\/v2\/media\/8008"}],"wp:attachment":[{"href":"https:\/\/winandofficews.com\/en\/wp-json\/wp\/v2\/media?parent=8007"}],"wp:term":[{"taxonomy":"product_brand","embeddable":true,"href":"https:\/\/winandofficews.com\/en\/wp-json\/wp\/v2\/product_brand?post=8007"},{"taxonomy":"product_cat","embeddable":true,"href":"https:\/\/winandofficews.com\/en\/wp-json\/wp\/v2\/product_cat?post=8007"},{"taxonomy":"product_tag","embeddable":true,"href":"https:\/\/winandofficews.com\/en\/wp-json\/wp\/v2\/product_tag?post=8007"}],"curies":[{"name":"wp","href":"https:\/\/api.w.org\/{rel}","templated":true}]}}