{"id":7991,"date":"2024-11-24T11:23:43","date_gmt":"2024-11-24T10:23:43","guid":{"rendered":"https:\/\/winandofficews.com\/?post_type=product&#038;p=7991"},"modified":"2026-04-03T11:48:15","modified_gmt":"2026-04-03T09:48:15","slug":"microsoft-windows-11-home-microsoft-office-2021-professional-plus","status":"publish","type":"product","link":"https:\/\/winandofficews.com\/en\/product\/microsoft-windows-11-home-microsoft-office-2021-professional-plus\/","title":{"rendered":"Microsoft Windows 11 Home + Microsoft Office 2021 Professional Plus"},"content":{"rendered":"<h3>Microsoft Windows 11 Home<\/h3>\n<h4>System requirements:<\/h4>\n<hr>\n<p>\nMachen Sie sich bereit f\u00fcr das neueste und beste Betriebssystem von Microsoft! Diese Edition richtet sich an den Heimanwender und eignet sich gut f\u00fcr den allt\u00e4glichen Gebrauch, kreatives Arbeiten und Gaming.\n<\/p>\n<p>\nDies sind die Grundvoraussetzungen f\u00fcr die Installation von Microsoft Windows 11 auf einem PC. Wenn Ihr Ger\u00e4t diese Anforderungen nicht erf\u00fcllt, k\u00f6nnen Sie Microsoft Windows 11 m\u00f6glicherweise nicht auf Ihrem Ger\u00e4t installieren und sollten den Kauf eines neuen PCs in Betracht ziehen. Wenn Sie sich nicht sicher sind, ob Ihr PC diese Anforderungen erf\u00fcllt, k\u00f6nnen Sie sich bei Ihrem PC-Originalhersteller (OEM) erkundigen oder, wenn Ihr Ger\u00e4t bereits Microsoft Windows 10 ausf\u00fchrt, die App PC Health Check verwenden, um die Kompatibilit\u00e4t zu pr\u00fcfen<br \/>\n(<a href=\"https:\/\/aka.ms\/GetPCHealthCheckApp\" target=\"_blank\" rel=\"noopener\"><strong>zum Download<\/strong><\/a>).\n<\/p>\n<ul>\n<li><strong>Processor:<\/strong> 1 Gigahertz (GHz) oder schneller mit 2 oder mehr Kernen auf einem <a href=\"https:\/\/www.microsoft.com\/de-de\/windows\/windows-11-specifications\" target=\"_blank\" rel=\"noopener\">kompatiblen 64-Bit-Prozessor<\/a> oder SoC (System on a Chip).<\/li>\n<li><strong>RAM:<\/strong> 4 gigabyte (GB)<\/li>\n<li><strong>Storage space:<\/strong> 64 GB oder mehr. Hinweis: Siehe unten unter &#8222;Weitere Informationen zum Speicherplatz, um Microsoft Windows 11 aktuell zu halten&#8220; f\u00fcr weitere Details.<\/li>\n<li><strong>System firmware:<\/strong> UEFI, Secure Boot capable<\/li>\n<li><strong>TPM:<\/strong> Trusted Platform Module (TPM) Version 2.0<\/li>\n<li><strong>Graphics card:<\/strong> Kompatibel mit DirectX 12 oder h\u00f6her mit WDDM 2.0 Treiber<\/li>\n<li><strong>Display:<\/strong> High-resolution display (720p) with a diagonal of more than 9\u2033, 8 bits per color channel<\/li>\n<li><strong>Internet connection and Microsoft accounts:<\/strong> Microsoft Windows 11 Home Edition erfordert eine Internetverbindung und ein Microsoft-Konto, um die Einrichtung des Ger\u00e4ts bei der ersten Verwendung abzuschlie\u00dfen. Das Umschalten eines Ger\u00e4ts aus Microsoft Windows 11 Home im S-Modus erfordert ebenfalls eine Internetverbindung. F\u00fcr alle Microsoft Windows 11-Editionen ist ein Internetzugang erforderlich, um Updates durchzuf\u00fchren und um einige Funktionen herunterzuladen und zu nutzen. F\u00fcr einige Funktionen ist ein Microsoft-Konto erforderlich.<\/li>\n<\/ul>\n<p>\nOver time, there may be additional requirements for updates and requirements to activate certain functions within the operating system.\n<\/p>\n<h4>\n<a href=\"https:\/\/www.microsoft.com\/en-us\/windows\/windows-11\" target=\"_blank\" rel=\"noopener\"><br \/>\nFunktionsspezifische Anforderungen f\u00fcr Microsoft Windows 11<br \/>\n<\/a><br \/>\n<\/h4>\n<hr>\n<p>\nEinige Funktionen in Microsoft Windows 11 haben erh\u00f6hte Anforderungen, die \u00fcber die oben im Abschnitt \u00fcber die Mindestanforderungen aufgef\u00fchrten Anforderungen hinausgehen. Nachfolgend finden Sie einige zus\u00e4tzliche Details zu den Anforderungen f\u00fcr wichtige Funktionen:\n<\/p>\n<ul>\n<li><strong>5G Unterst\u00fctzung<\/strong> erfordert ein 5G-f\u00e4higes Modem.<\/li>\n<li><strong>Auto HDR<\/strong> erfordert einen HDR Monitor.<\/li>\n<li><strong>BitLocker to Go<\/strong> erfordert ein USB-Flash-Laufwerk (verf\u00fcgbar in Microsoft Windows Pro und h\u00f6heren Editionen).<\/li>\n<li><strong>Client Hyper-V<\/strong> erfordert einen Prozessor mit SLAT-Funktionen (Second Level Address Translation) (verf\u00fcgbar in Microsoft Windows Pro und h\u00f6heren Editionen).<\/li>\n<li><strong>Cortana<\/strong> erfordert ein Mikrofon und einen Lautsprecher und ist derzeit unter Microsoft Windows 11 f\u00fcr Australien, Brasilien, Kanada, China, Frankreich, Deutschland, Indien, Italien, Japan, Mexiko, Spanien, Gro\u00dfbritannien und die USA verf\u00fcgbar.<\/li>\n<li><strong>DirectStorage<\/strong> erfordert eine NVMe-SSD zum Speichern und Ausf\u00fchren von Spielen, die den &#8222;Standard NVM Express Controller&#8220;-Treiber und eine DirectX12-GPU mit Shader Model 6.0-Unterst\u00fctzung verwenden.<\/li>\n<li><strong>DirectX 12 Ultimate<\/strong> ist mit unterst\u00fctzten Spielen und Grafikchips verf\u00fcgbar.<\/li>\n<li><strong>Pr\u00e4senz<\/strong> erfordert einen Sensor, der die Entfernung des Menschen zum Ger\u00e4t oder die Absicht, mit dem Ger\u00e4t zu interagieren, erkennen kann.<\/li>\n<li><strong>Intelligente Videokonferenz<\/strong> erfordert Videokamera, Mikrofon und Lautsprecher (Audioausgang).<\/li>\n<li><strong>Multiple Voice Assistant (MVA)<\/strong> erfordert ein Mikrofon und einen Lautsprecher.<\/li>\n<li><strong>Snap<\/strong> dreispaltige Layouts erfordern einen Bildschirm mit einer Breite von 1920 effektiven Pixeln oder mehr.<\/li>\n<li><strong>Stummschalten\/Aufheben der Stummschaltung von der Taskleiste<\/strong> erfordert Videokamera, Mikrofon und Lautsprecher (Audioausgang). Die App muss mit der Funktion kompatibel sein, um die globale Stummschaltung aufzuheben.<\/li>\n<li><strong>Spatial Sound<\/strong> erfordert unterst\u00fctzende Hardware und Software.<\/li>\n<li><strong>Teams<\/strong> erfordert Videokamera, Mikrofon und Lautsprecher (Audioausgang).<\/li>\n<li><strong>Touch<\/strong> erfordert einen Bildschirm oder Monitor, der Multi-Touch unterst\u00fctzt.<\/li>\n<li><strong>Zwei-Faktor-Authentifizierung<\/strong> erfordert die Verwendung von PIN, Biometrie (Fingerabdruckleser oder beleuchtete Infrarotkamera) oder ein Telefon mit Wi-Fi- oder Bluetooth-Funktionen.<\/li>\n<li><strong>Voice Typing<\/strong> erfordert einen PC mit einem Mikrofon.<\/li>\n<li><strong>Wake on Voice<\/strong> erfordert ein modernes Standby-Strommodell und ein Mikrofon.<\/li>\n<li><strong>Wi-Fi 6E<\/strong> erfordert neue WLAN-IHV-Hardware und -Treiber sowie einen Wi-Fi 6E-f\u00e4higen AP\/Router.<\/li>\n<li><strong>Microsoft Windows Hello<\/strong> erfordert eine f\u00fcr Nahinfrarot (IR) konfigurierte Kamera oder einen Fingerabdruckleser f\u00fcr die biometrische Authentifizierung.<\/li>\n<li><strong>Microsoft Windows Microsoft Projection<\/strong> erfordert einen Display-Adapter, der Microsoft Windows Display Driver Model (WDDM) 2.0 unterst\u00fctzt, und einen Wi-Fi-Adapter, der Wi-Fi Direct unterst\u00fctzt.<\/li>\n<li><strong>Xbox (App)<\/strong> erfordert ein Xbox Live-Konto, das nicht in allen Regionen verf\u00fcgbar ist.<\/li>\n<\/ul>\n<h3>Microsoft Office 2021 Professional<\/h3>\n<p>\nDie Microsoft Office 2021 Professional Plus Edition ist ideal f\u00fcr Anwender, die das volle Anwendungsspektrum zu Hause oder im B\u00fcro nutzen. Es umfasst die gesamte Palette der Microsoft Office-Anwendungen: Word, Excel, Outlook, PowerPoint, Publisher und Access.\n<\/p>\n<p>\nOneNote kann aus dem Microsoft Windows Store heruntergeladen werden und erm\u00f6glicht es Ihnen, schnell Notizen zu erstellen und diese \u00fcber die Cloud auf allen Ger\u00e4ten verf\u00fcgbar zu machen. Erleben Sie verbesserte Leistung, Stabilit\u00e4t und Geschwindigkeit in Word, Excel, PowerPoint und Outlook sowie viele neue Funktionen.\n<\/p>\n<ul>\n<li><strong>Word<\/strong>Create professional-quality text documents in no time at all.<\/li>\n<li><strong>Excel<\/strong>Intelligent spreadsheets, now with new functions such as XLOOKUP<\/li>\n<li><strong>PowerPoint<\/strong>: Neue und verbesserte Funktionen zum Erstellen beeindruckender Pr\u00e4sentationen.<\/li>\n<li><strong>OneNote<\/strong>: Your digital notebook in the cloud.<\/li>\n<li><strong>Outlook<\/strong>Communication made easy; now includes powerful translation functions.<\/li>\n<li><strong>Publisher<\/strong>: Layout creation for professional publications<\/li>\n<li><strong>Access<\/strong>Simple and powerful database creation<\/li>\n<li><strong>Microsoft Teams<\/strong>More productivity through instant messaging and HD video conferencing. (available for download separately)<\/li>\n<\/ul>\n<p>\nNOTE: Due to a<br \/>\n<a href=\"https:\/\/blogs.microsoft.com\/eupolicy\/2023\/08\/31\/european-competition-teams-office-microsoft-365\/\" target=\"_blank\" rel=\"noopener\">European Commission investigation<\/a>,<br \/>\nb\u00fcndelt Microsoft keine Teams-Lizenz mehr mit Office-Produkten. Sie k\u00f6nnen<br \/>\n<a href=\"https:\/\/www.microsoft.com\/en-us\/microsoft-teams\/download-app\" target=\"_blank\" rel=\"noopener\">Download teams<\/a>,<br \/>\num es mit einer kostenlosen oder kostenpflichtigen Lizenz zu verwenden (separat zu erwerben), je nach Bedarf.\n<\/p>\n<p><strong>BEN\u00d6TIGT WINDOWS 10 ODER 11!<\/strong><\/p>\n<p><strong>Support:<\/strong><\/p>\n<p>\nBei Fragen z\u00f6gern Sie bitte nicht, uns<br \/>\n<a href=\"mailto:germany@dl-winandoffice.com\" target=\"_blank\" rel=\"noopener\">per E-Mail<\/a><br \/>\nzu kontaktieren. Unser Kundensupport ist 7 Tage die Woche, 24 Stunden am Tag verf\u00fcgbar.<\/p>","protected":false},"excerpt":{"rendered":"<ul>\n<li>Microsoft Windows 11 Home + Microsoft Office 2021 Professional f\u00fcr 1 PC<\/li>\n<li>Versionen f\u00fcr 64 Bit Systeme verf\u00fcgbar<\/li>\n<li>Delivery by e-mail: Product key, instructions, download links, invoice<\/li>\n<li><strong>30 days full refund - Lifetime replacement guarantee!!!<\/strong><\/li>\n<li>Instant download!<\/li>\n<li>No time limit, no subscription<\/li>\n<li>Free support for installation and activation<\/li>\n<li>No delivery on data carriers (USB, CD, etc.)<\/li>\n<li>Activation online and by phone<\/li>\n<li><strong>This product is compatible with Windows.<\/strong><\/li>\n<li><strong>NOT compatible with Apple macOS\u2122, Apple processors, Parallels for Mac, Android devices and Chromebooks.<\/strong><\/li>\n<\/ul>","protected":false},"featured_media":7992,"comment_status":"open","ping_status":"closed","template":"","meta":{"_acf_changed":false},"product_brand":[],"product_cat":[157,158],"product_tag":[105,161],"class_list":{"0":"post-7991","1":"product","2":"type-product","3":"status-publish","4":"has-post-thumbnail","6":"product_cat-combo","7":"product_cat-microsoft-windows","8":"product_tag-windows","9":"product_tag-windows-11","11":"first","12":"instock","13":"sale","14":"virtual","15":"taxable","16":"purchasable","17":"product-type-simple"},"acf":[],"yoast_head":"<!-- This site is optimized with the Yoast SEO plugin v27.3 - https:\/\/yoast.com\/product\/yoast-seo-wordpress\/ -->\n<title>Microsoft Windows 11 Home + Microsoft Office 2021 Professional Plus - Win &amp; Office WS<\/title>\n<meta name=\"robots\" content=\"index, follow, max-snippet:-1, max-image-preview:large, max-video-preview:-1\" \/>\n<link rel=\"canonical\" href=\"https:\/\/winandofficews.com\/en\/product\/microsoft-windows-11-home-microsoft-office-2021-professional-plus\/\" \/>\n<meta property=\"og:locale\" content=\"en_US\" \/>\n<meta property=\"og:type\" content=\"article\" \/>\n<meta property=\"og:title\" content=\"Microsoft Windows 11 Home + Microsoft Office 2021 Professional Plus - Win &amp; Office WS\" \/>\n<meta property=\"og:description\" content=\"Microsoft Windows 11 Home + Microsoft Office 2021 Professional f\u00fcr 1 PC  Versionen f\u00fcr 64 Bit Systeme verf\u00fcgbar  Versand per E-Mail: Produktschl\u00fcssel, Anleitung, Downloadlinks, Rechnung  30 Tage volle R\u00fcckerstattung \u2013 Lebenslange Ersatzgarantie!!!  Sofort-Download!  Keine zeitliche Begrenzung, kein Abo  Gratis Support bei der Installation und Aktivierung  Keine Lieferung auf Datentr\u00e4ger (USB, CD, usw.)  Aktivierung online und per Telefon  Dieses Produkt ist mit Windows kompatibel.  NICHT kompatibel mit Apple macOS\u2122, Apple-Prozessoren, Parallels f\u00fcr Mac, Android-Ger\u00e4ten und Chromebooks.\" \/>\n<meta property=\"og:url\" content=\"https:\/\/winandofficews.com\/en\/product\/microsoft-windows-11-home-microsoft-office-2021-professional-plus\/\" \/>\n<meta property=\"og:site_name\" content=\"Win &amp; Office WS\" \/>\n<meta property=\"article:publisher\" content=\"https:\/\/www.facebook.com\/winandofficews\/\" \/>\n<meta property=\"article:modified_time\" content=\"2026-04-03T09:48:15+00:00\" \/>\n<meta property=\"og:image\" content=\"https:\/\/winandofficews.com\/wp-content\/uploads\/W11HO21P.png\" \/>\n\t<meta property=\"og:image:width\" content=\"600\" \/>\n\t<meta property=\"og:image:height\" content=\"600\" \/>\n\t<meta property=\"og:image:type\" content=\"image\/png\" \/>\n<meta name=\"twitter:card\" content=\"summary_large_image\" \/>\n<meta name=\"twitter:site\" content=\"@WINDOWSANDOFFI1\" \/>\n<meta name=\"twitter:label1\" content=\"Est. reading time\" \/>\n\t<meta name=\"twitter:data1\" content=\"6 minutes\" \/>\n<script type=\"application\/ld+json\" class=\"yoast-schema-graph\">{\"@context\":\"https:\\\/\\\/schema.org\",\"@graph\":[{\"@type\":\"WebPage\",\"@id\":\"https:\\\/\\\/winandofficews.com\\\/product\\\/microsoft-windows-11-home-microsoft-office-2021-professional-plus\\\/\",\"url\":\"https:\\\/\\\/winandofficews.com\\\/product\\\/microsoft-windows-11-home-microsoft-office-2021-professional-plus\\\/\",\"name\":\"Microsoft Windows 11 Home + Microsoft Office 2021 Professional Plus - Win &amp; Office WS\",\"isPartOf\":{\"@id\":\"https:\\\/\\\/winandofficews.com\\\/#website\"},\"primaryImageOfPage\":{\"@id\":\"https:\\\/\\\/winandofficews.com\\\/product\\\/microsoft-windows-11-home-microsoft-office-2021-professional-plus\\\/#primaryimage\"},\"image\":{\"@id\":\"https:\\\/\\\/winandofficews.com\\\/product\\\/microsoft-windows-11-home-microsoft-office-2021-professional-plus\\\/#primaryimage\"},\"thumbnailUrl\":\"https:\\\/\\\/winandofficews.com\\\/wp-content\\\/uploads\\\/W11HO21P.png\",\"datePublished\":\"2024-11-24T10:23:43+00:00\",\"dateModified\":\"2026-04-03T09:48:15+00:00\",\"breadcrumb\":{\"@id\":\"https:\\\/\\\/winandofficews.com\\\/product\\\/microsoft-windows-11-home-microsoft-office-2021-professional-plus\\\/#breadcrumb\"},\"inLanguage\":\"en-US\",\"potentialAction\":[{\"@type\":\"ReadAction\",\"target\":[\"https:\\\/\\\/winandofficews.com\\\/product\\\/microsoft-windows-11-home-microsoft-office-2021-professional-plus\\\/\"]}]},{\"@type\":\"ImageObject\",\"inLanguage\":\"en-US\",\"@id\":\"https:\\\/\\\/winandofficews.com\\\/product\\\/microsoft-windows-11-home-microsoft-office-2021-professional-plus\\\/#primaryimage\",\"url\":\"https:\\\/\\\/winandofficews.com\\\/wp-content\\\/uploads\\\/W11HO21P.png\",\"contentUrl\":\"https:\\\/\\\/winandofficews.com\\\/wp-content\\\/uploads\\\/W11HO21P.png\",\"width\":600,\"height\":600},{\"@type\":\"BreadcrumbList\",\"@id\":\"https:\\\/\\\/winandofficews.com\\\/product\\\/microsoft-windows-11-home-microsoft-office-2021-professional-plus\\\/#breadcrumb\",\"itemListElement\":[{\"@type\":\"ListItem\",\"position\":1,\"name\":\"Home\",\"item\":\"https:\\\/\\\/winandofficews.com\\\/\"},{\"@type\":\"ListItem\",\"position\":2,\"name\":\"Shop\",\"item\":\"https:\\\/\\\/winandofficews.com\\\/shop\\\/\"},{\"@type\":\"ListItem\",\"position\":3,\"name\":\"Microsoft Windows 11 Home + Microsoft Office 2021 Professional Plus\"}]},{\"@type\":\"WebSite\",\"@id\":\"https:\\\/\\\/winandofficews.com\\\/#website\",\"url\":\"https:\\\/\\\/winandofficews.com\\\/\",\"name\":\"Win & Office WS\",\"description\":\"Wholesales Store of Office\",\"publisher\":{\"@id\":\"https:\\\/\\\/winandofficews.com\\\/#organization\"},\"potentialAction\":[{\"@type\":\"SearchAction\",\"target\":{\"@type\":\"EntryPoint\",\"urlTemplate\":\"https:\\\/\\\/winandofficews.com\\\/?s={search_term_string}\"},\"query-input\":{\"@type\":\"PropertyValueSpecification\",\"valueRequired\":true,\"valueName\":\"search_term_string\"}}],\"inLanguage\":\"en-US\"},{\"@type\":\"Organization\",\"@id\":\"https:\\\/\\\/winandofficews.com\\\/#organization\",\"name\":\"Win & Office WS\",\"url\":\"https:\\\/\\\/winandofficews.com\\\/\",\"logo\":{\"@type\":\"ImageObject\",\"inLanguage\":\"en-US\",\"@id\":\"https:\\\/\\\/winandofficews.com\\\/#\\\/schema\\\/logo\\\/image\\\/\",\"url\":\"https:\\\/\\\/winandofficews.com\\\/wp-content\\\/uploads\\\/logo14.png\",\"contentUrl\":\"https:\\\/\\\/winandofficews.com\\\/wp-content\\\/uploads\\\/logo14.png\",\"width\":322,\"height\":116,\"caption\":\"Win & Office WS\"},\"image\":{\"@id\":\"https:\\\/\\\/winandofficews.com\\\/#\\\/schema\\\/logo\\\/image\\\/\"},\"sameAs\":[\"https:\\\/\\\/www.facebook.com\\\/winandofficews\\\/\",\"https:\\\/\\\/x.com\\\/WINDOWSANDOFFI1\",\"https:\\\/\\\/www.instagram.com\\\/winandoffice.ws\\\/\",\"https:\\\/\\\/de.pinterest.com\\\/winandofficews_official\\\/\",\"https:\\\/\\\/www.tiktok.com\\\/@winandofficews\",\"https:\\\/\\\/www.youtube.com\\\/channel\\\/UCPI87ZZIvl272mOtG5sL8Cg\",\"https:\\\/\\\/de.trustpilot.com\\\/review\\\/winandofficews.com\",\"https:\\\/\\\/www.trustami.com\\\/review\\\/win-and-office-wholesales-rating\"]}]}<\/script>\n<!-- \/ Yoast SEO plugin. -->","yoast_head_json":{"title":"Microsoft Windows 11 Home + Microsoft Office 2021 Professional Plus - Win &amp; Office WS","robots":{"index":"index","follow":"follow","max-snippet":"max-snippet:-1","max-image-preview":"max-image-preview:large","max-video-preview":"max-video-preview:-1"},"canonical":"https:\/\/winandofficews.com\/en\/product\/microsoft-windows-11-home-microsoft-office-2021-professional-plus\/","og_locale":"en_US","og_type":"article","og_title":"Microsoft Windows 11 Home + Microsoft Office 2021 Professional Plus - Win &amp; Office WS","og_description":"Microsoft Windows 11 Home + Microsoft Office 2021 Professional f\u00fcr 1 PC  Versionen f\u00fcr 64 Bit Systeme verf\u00fcgbar  Versand per E-Mail: Produktschl\u00fcssel, Anleitung, Downloadlinks, Rechnung  30 Tage volle R\u00fcckerstattung \u2013 Lebenslange Ersatzgarantie!!!  Sofort-Download!  Keine zeitliche Begrenzung, kein Abo  Gratis Support bei der Installation und Aktivierung  Keine Lieferung auf Datentr\u00e4ger (USB, CD, usw.)  Aktivierung online und per Telefon  Dieses Produkt ist mit Windows kompatibel.  NICHT kompatibel mit Apple macOS\u2122, Apple-Prozessoren, Parallels f\u00fcr Mac, Android-Ger\u00e4ten und Chromebooks.","og_url":"https:\/\/winandofficews.com\/en\/product\/microsoft-windows-11-home-microsoft-office-2021-professional-plus\/","og_site_name":"Win &amp; Office WS","article_publisher":"https:\/\/www.facebook.com\/winandofficews\/","article_modified_time":"2026-04-03T09:48:15+00:00","og_image":[{"width":600,"height":600,"url":"https:\/\/winandofficews.com\/wp-content\/uploads\/W11HO21P.png","type":"image\/png"}],"twitter_card":"summary_large_image","twitter_site":"@WINDOWSANDOFFI1","twitter_misc":{"Est. reading time":"6 minutes"},"schema":{"@context":"https:\/\/schema.org","@graph":[{"@type":"WebPage","@id":"https:\/\/winandofficews.com\/product\/microsoft-windows-11-home-microsoft-office-2021-professional-plus\/","url":"https:\/\/winandofficews.com\/product\/microsoft-windows-11-home-microsoft-office-2021-professional-plus\/","name":"Microsoft Windows 11 Home + Microsoft Office 2021 Professional Plus - Win &amp; Office WS","isPartOf":{"@id":"https:\/\/winandofficews.com\/#website"},"primaryImageOfPage":{"@id":"https:\/\/winandofficews.com\/product\/microsoft-windows-11-home-microsoft-office-2021-professional-plus\/#primaryimage"},"image":{"@id":"https:\/\/winandofficews.com\/product\/microsoft-windows-11-home-microsoft-office-2021-professional-plus\/#primaryimage"},"thumbnailUrl":"https:\/\/winandofficews.com\/wp-content\/uploads\/W11HO21P.png","datePublished":"2024-11-24T10:23:43+00:00","dateModified":"2026-04-03T09:48:15+00:00","breadcrumb":{"@id":"https:\/\/winandofficews.com\/product\/microsoft-windows-11-home-microsoft-office-2021-professional-plus\/#breadcrumb"},"inLanguage":"en-US","potentialAction":[{"@type":"ReadAction","target":["https:\/\/winandofficews.com\/product\/microsoft-windows-11-home-microsoft-office-2021-professional-plus\/"]}]},{"@type":"ImageObject","inLanguage":"en-US","@id":"https:\/\/winandofficews.com\/product\/microsoft-windows-11-home-microsoft-office-2021-professional-plus\/#primaryimage","url":"https:\/\/winandofficews.com\/wp-content\/uploads\/W11HO21P.png","contentUrl":"https:\/\/winandofficews.com\/wp-content\/uploads\/W11HO21P.png","width":600,"height":600},{"@type":"BreadcrumbList","@id":"https:\/\/winandofficews.com\/product\/microsoft-windows-11-home-microsoft-office-2021-professional-plus\/#breadcrumb","itemListElement":[{"@type":"ListItem","position":1,"name":"Home","item":"https:\/\/winandofficews.com\/"},{"@type":"ListItem","position":2,"name":"Shop","item":"https:\/\/winandofficews.com\/shop\/"},{"@type":"ListItem","position":3,"name":"Microsoft Windows 11 Home + Microsoft Office 2021 Professional Plus"}]},{"@type":"WebSite","@id":"https:\/\/winandofficews.com\/#website","url":"https:\/\/winandofficews.com\/","name":"Win & Office WS","description":"Wholesales Store of Office","publisher":{"@id":"https:\/\/winandofficews.com\/#organization"},"potentialAction":[{"@type":"SearchAction","target":{"@type":"EntryPoint","urlTemplate":"https:\/\/winandofficews.com\/?s={search_term_string}"},"query-input":{"@type":"PropertyValueSpecification","valueRequired":true,"valueName":"search_term_string"}}],"inLanguage":"en-US"},{"@type":"Organization","@id":"https:\/\/winandofficews.com\/#organization","name":"Win & Office WS","url":"https:\/\/winandofficews.com\/","logo":{"@type":"ImageObject","inLanguage":"en-US","@id":"https:\/\/winandofficews.com\/#\/schema\/logo\/image\/","url":"https:\/\/winandofficews.com\/wp-content\/uploads\/logo14.png","contentUrl":"https:\/\/winandofficews.com\/wp-content\/uploads\/logo14.png","width":322,"height":116,"caption":"Win & Office WS"},"image":{"@id":"https:\/\/winandofficews.com\/#\/schema\/logo\/image\/"},"sameAs":["https:\/\/www.facebook.com\/winandofficews\/","https:\/\/x.com\/WINDOWSANDOFFI1","https:\/\/www.instagram.com\/winandoffice.ws\/","https:\/\/de.pinterest.com\/winandofficews_official\/","https:\/\/www.tiktok.com\/@winandofficews","https:\/\/www.youtube.com\/channel\/UCPI87ZZIvl272mOtG5sL8Cg","https:\/\/de.trustpilot.com\/review\/winandofficews.com","https:\/\/www.trustami.com\/review\/win-and-office-wholesales-rating"]}]}},"_links":{"self":[{"href":"https:\/\/winandofficews.com\/en\/wp-json\/wp\/v2\/product\/7991","targetHints":{"allow":["GET"]}}],"collection":[{"href":"https:\/\/winandofficews.com\/en\/wp-json\/wp\/v2\/product"}],"about":[{"href":"https:\/\/winandofficews.com\/en\/wp-json\/wp\/v2\/types\/product"}],"replies":[{"embeddable":true,"href":"https:\/\/winandofficews.com\/en\/wp-json\/wp\/v2\/comments?post=7991"}],"wp:featuredmedia":[{"embeddable":true,"href":"https:\/\/winandofficews.com\/en\/wp-json\/wp\/v2\/media\/7992"}],"wp:attachment":[{"href":"https:\/\/winandofficews.com\/en\/wp-json\/wp\/v2\/media?parent=7991"}],"wp:term":[{"taxonomy":"product_brand","embeddable":true,"href":"https:\/\/winandofficews.com\/en\/wp-json\/wp\/v2\/product_brand?post=7991"},{"taxonomy":"product_cat","embeddable":true,"href":"https:\/\/winandofficews.com\/en\/wp-json\/wp\/v2\/product_cat?post=7991"},{"taxonomy":"product_tag","embeddable":true,"href":"https:\/\/winandofficews.com\/en\/wp-json\/wp\/v2\/product_tag?post=7991"}],"curies":[{"name":"wp","href":"https:\/\/api.w.org\/{rel}","templated":true}]}}