{"id":7969,"date":"2024-11-24T11:22:34","date_gmt":"2024-11-24T10:22:34","guid":{"rendered":"https:\/\/winandofficews.com\/?post_type=product&#038;p=7969"},"modified":"2026-04-03T11:48:08","modified_gmt":"2026-04-03T09:48:08","slug":"microsoft-windows-10-professional-microsoft-office-2019-professional-plus-license-for-3-devices","status":"publish","type":"product","link":"https:\/\/winandofficews.com\/en\/product\/microsoft-windows-10-professional-microsoft-office-2019-professional-plus-license-for-3-devices\/","title":{"rendered":"Microsoft Windows 10 Professional + Microsoft Office 2019 Professional Plus license for 3 PCs"},"content":{"rendered":"<h3>Microsoft Windows 10 Professional<\/h3>\n<p><strong>Mit dieser Lizenz kann die Software auf 3 verschiedenen Ger\u00e4ten aktiviert werden, z. B. Heim-PC, Notebook und Arbeits-PC.<\/strong><\/p>\n<p>Microsoft Windows 10 Professional ist das fortschrittlichste und sicherste Betriebssystem aller Zeiten. Mit seinen universellen Apps, Funktionen und Sicherheitsfeatures ist es optimal f\u00fcr Desktop-PCs, Notebooks und Tablets geeignet. Neue Versionen und automatische Updates f\u00fcr Apps und Funktionen gew\u00e4hrleisten die Effizienz und Sicherheit Ihres Ger\u00e4ts.<\/p>\n<p><strong>Mit Microsoft Windows 10 Professional als Herz Ihres Computers k\u00f6nnen Sie alles erledigen:<\/strong><\/p>\n<ul>\n<li>Integrierte Sicherheitsfeatures wie Antivirensoftware, Firewall und Internetschutzmechanismen<\/li>\n<li>Scan your face or fingerprint with Microsoft Windows Hello to unlock your computer quickly, securely and without a password<\/li>\n<li>With the notification wizard, you can block notifications, sounds and alerts so that you are not distracted while working<\/li>\n<li>The timeline allows you to quickly and easily scroll through your recently used documents, apps and websites<\/li>\n<li>With Microsoft Photos you can easily organize, browse, edit and share your photos and videos<\/li>\n<li>With Game Bar, you can instantly live stream your games, make screen recordings and precisely adjust the audio settings<\/li>\n<li>Remote Desktop erm\u00f6glicht Ihnen den Fernzugriff \u00fcber das Internet auf Ihren eigenen PC, also auf alle Dateien, Ordner und Anwendungen<\/li>\n<li>Microsoft Windows Information Protection (WIP) sch\u00fctzt Sie vor m\u00f6glichem Datendiebstahl, ohne die Nutzbarkeit des Systems einzuschr\u00e4nken<\/li>\n<li>BitLocker Drive Encryption ist ein in das Betriebssystem integriertes Datenschutzfeature. Es sch\u00fctzt vor Datendiebstahl, insbesondere bei gestohlenen Computern<\/li>\n<li>Tools for business applications<\/li>\n<\/ul>\n<p><strong>Microsoft Windows 10 Professional<\/strong> unterst\u00fctzt Sie optimal bei allem, was Sie tun. Behalten Sie den \u00dcberblick, indem Sie Apps einfach andocken und die Anzeige f\u00fcr produktivere Arbeit optimieren. Docken Sie bis zu vier Anwendungen gleichzeitig an und erstellen Sie virtuelle Desktops, wenn Sie mehr Platz ben\u00f6tigen oder Inhalte f\u00fcr ein Projekt gruppieren m\u00f6chten, zum Beispiel B\u00fcroanwendungen f\u00fcr die Arbeit und Spiele f\u00fcr die Freizeit.<\/p>\n<p><strong>Microsoft Windows 10<\/strong> ist kompatibel mit der Hard- und Software sowie den Peripherieger\u00e4ten, die Sie bereits besitzen. Halten Sie Ihr System mit neuen Features und Sicherheitsmerkmalen w\u00e4hrend der gesamten Produktlebenszeit auf dem neuesten Stand.<\/p>\n<h4>Systemanforderungen<\/h4>\n<ul>\n<li>Mindestens 1 GHz Prozessor oder schneller<\/li>\n<li>1 GB RAM (32 Bit), 2 GB RAM (64 Bit)<\/li>\n<li>20 GB available hard disk space<\/li>\n<li>Graphics card with DirectX 9 graphics processor and WDDM driver<\/li>\n<\/ul>\n<h3>Microsoft Office 2019 Professional Plus<\/h3>\n<p><strong>Mit dieser Lizenz kann die Software auf 3 verschiedenen Ger\u00e4ten aktiviert werden, z. B. Heim-PC, Notebook und Arbeits-PC.<\/strong><\/p>\n<p>Entscheiden Sie sich noch heute f\u00fcr Microsoft Office 2019 Professional Plus und Sie erhalten eine moderne B\u00fcrol\u00f6sung aus dem Hause Microsoft. Neben den bekannten Anwendungen erhalten Sie zus\u00e4tzlich Zugriff auf browserbasierte Apps sowie Skype for Business. Durch die vereinfachte Kommunikation k\u00f6nnen Sie noch effektiver mit anderen Personen zusammenarbeiten.<\/p>\n<h4>Alles, was Sie ben\u00f6tigen, auf einen Blick<\/h4>\n<ul>\n<li><strong>Word 2019<\/strong> - for creating and editing your texts and documents<\/li>\n<li><strong>Excel 2019<\/strong> - for editing data records in tabular form<\/li>\n<li><strong>PowerPoint 2019<\/strong> - for the creation of captivating presentations<\/li>\n<li><strong>Outlook 2019<\/strong> - for managing e-mails, contacts, appointments and tasks<\/li>\n<li><strong>Publisher 2019<\/strong> - for the simple creation of professional-looking publications<\/li>\n<li><strong>Access 2019<\/strong> \u2013 f\u00fcr die Erstellung von Datenbanken mit Internetzugriff<\/li>\n<li><strong>Lync 2019 (Skype for Business)<\/strong> \u2013 f\u00fcr mehr Produktivit\u00e4t durch Instant Messaging, einfache Kommunikation und Zusammenarbeit mit HD-Videokonferenzen<\/li>\n<li><strong>Web Apps<\/strong> \u2013 Word, Excel und PowerPoint<\/li>\n<\/ul>\n<p>OneNote ist nicht mehr Bestandteil des Microsoft Office-Pakets, sondern steht als Standardanwendung in Microsoft Windows 10 zur Verf\u00fcgung, welches Voraussetzung f\u00fcr die Verwendung von Microsoft Office 2019 ist. <strong>\u00c4ltere Windows-Versionen werden nicht unterst\u00fctzt.<\/strong><\/p>\n<h4>Unterst\u00fctzung<\/h4>\n<p>Bei Fragen z\u00f6gern Sie bitte nicht, uns <a href=\"mailto:germany@dl-winandoffice.com\" rel=\"noopener\">per E-Mail<\/a> zu kontaktieren. Unser Kundensupport ist 7 Tage die Woche, 24 Stunden am Tag verf\u00fcgbar.<\/p>","protected":false},"excerpt":{"rendered":"<ul>\n<li>Microsoft Windows 10 Professional + Microsoft Office 2019 Professional Plus for 3 PCs<\/li>\n<li><strong>Mit dieser Lizenz kann die Software auf 3 verschiedenen Ger\u00e4ten aktiviert werden, z. B. Heim-PC, Notebook und Arbeits-PC<\/strong><\/li>\n<li>Versionen f\u00fcr 32- und 64-Bit-Systeme verf\u00fcgbar<\/li>\n<li>Versand per E-Mail: Produktschl\u00fcssel, Anleitung, Downloadlinks und Rechnung<\/li>\n<li><strong>30 Tage Geld-zur\u00fcck-Garantie \u2013 Lebenslange Ersatzgarantie<\/strong><\/li>\n<li>Sofort-Download<\/li>\n<li>No time limit, no subscription<\/li>\n<li>Kostenloser Support bei Installation und Aktivierung<\/li>\n<li>Keine Lieferung auf physischen Datentr\u00e4gern (USB, CD usw.)<\/li>\n<li>Aktivierung online oder telefonisch<\/li>\n<li><strong>Kompatibel mit Windows<\/strong><\/li>\n<li><strong>Nicht kompatibel mit macOS\u2122, Apple-Prozessoren, Parallels f\u00fcr Mac, Android-Ger\u00e4ten und Chromebooks<\/strong><\/li>\n<\/ul>","protected":false},"featured_media":7970,"comment_status":"open","ping_status":"closed","template":"","meta":{"_acf_changed":false},"product_brand":[],"product_cat":[157,155,158],"product_tag":[],"class_list":{"0":"post-7969","1":"product","2":"type-product","3":"status-publish","4":"has-post-thumbnail","6":"product_cat-combo","7":"product_cat-microsoft-office","8":"product_cat-microsoft-windows","10":"first","11":"instock","12":"sale","13":"virtual","14":"taxable","15":"purchasable","16":"product-type-simple"},"acf":[],"yoast_head":"<!-- This site is optimized with the Yoast SEO plugin v27.3 - https:\/\/yoast.com\/product\/yoast-seo-wordpress\/ -->\n<title>Microsoft Windows 10 Professional + Microsoft Office 2019 Professional Plus Lizenz f\u00fcr 3 PC - Win &amp; Office WS<\/title>\n<meta name=\"robots\" content=\"index, follow, max-snippet:-1, max-image-preview:large, max-video-preview:-1\" \/>\n<link rel=\"canonical\" href=\"https:\/\/winandofficews.com\/en\/product\/microsoft-windows-10-professional-microsoft-office-2019-professional-plus-license-for-3-devices\/\" \/>\n<meta property=\"og:locale\" content=\"en_US\" \/>\n<meta property=\"og:type\" content=\"article\" \/>\n<meta property=\"og:title\" content=\"Microsoft Windows 10 Professional + Microsoft Office 2019 Professional Plus Lizenz f\u00fcr 3 PC - Win &amp; Office WS\" \/>\n<meta property=\"og:description\" content=\"Microsoft Windows 10 Professional + Microsoft Office 2019 Professional Plus f\u00fcr 3 PC  Mit dieser Lizenz kann die Software auf 3 verschiedenen Ger\u00e4ten aktiviert werden, z. B. Heim-PC, Notebook und Arbeits-PC  Versionen f\u00fcr 32- und 64-Bit-Systeme verf\u00fcgbar  Versand per E-Mail: Produktschl\u00fcssel, Anleitung, Downloadlinks und Rechnung  30 Tage Geld-zur\u00fcck-Garantie \u2013 Lebenslange Ersatzgarantie  Sofort-Download  Keine zeitliche Begrenzung, kein Abonnement  Kostenloser Support bei Installation und Aktivierung  Keine Lieferung auf physischen Datentr\u00e4gern (USB, CD usw.)  Aktivierung online oder telefonisch  Kompatibel mit Windows  Nicht kompatibel mit macOS\u2122, Apple-Prozessoren, Parallels f\u00fcr Mac, Android-Ger\u00e4ten und Chromebooks\" \/>\n<meta property=\"og:url\" content=\"https:\/\/winandofficews.com\/en\/product\/microsoft-windows-10-professional-microsoft-office-2019-professional-plus-license-for-3-devices\/\" \/>\n<meta property=\"og:site_name\" content=\"Win &amp; Office WS\" \/>\n<meta property=\"article:publisher\" content=\"https:\/\/www.facebook.com\/winandofficews\/\" \/>\n<meta property=\"article:modified_time\" content=\"2026-04-03T09:48:08+00:00\" \/>\n<meta property=\"og:image\" content=\"https:\/\/winandofficews.com\/wp-content\/uploads\/W10PO19P.png\" \/>\n\t<meta property=\"og:image:width\" content=\"600\" \/>\n\t<meta property=\"og:image:height\" content=\"600\" \/>\n\t<meta property=\"og:image:type\" content=\"image\/png\" \/>\n<meta name=\"twitter:card\" content=\"summary_large_image\" \/>\n<meta name=\"twitter:site\" content=\"@WINDOWSANDOFFI1\" \/>\n<meta name=\"twitter:label1\" content=\"Est. reading time\" \/>\n\t<meta name=\"twitter:data1\" content=\"4 minutes\" \/>\n<script type=\"application\/ld+json\" class=\"yoast-schema-graph\">{\"@context\":\"https:\\\/\\\/schema.org\",\"@graph\":[{\"@type\":\"WebPage\",\"@id\":\"https:\\\/\\\/winandofficews.com\\\/product\\\/microsoft-windows-10-professional-microsoft-office-2019-professional-plus-license-for-3-devices\\\/\",\"url\":\"https:\\\/\\\/winandofficews.com\\\/product\\\/microsoft-windows-10-professional-microsoft-office-2019-professional-plus-license-for-3-devices\\\/\",\"name\":\"Microsoft Windows 10 Professional + Microsoft Office 2019 Professional Plus Lizenz f\u00fcr 3 PC - Win &amp; Office WS\",\"isPartOf\":{\"@id\":\"https:\\\/\\\/winandofficews.com\\\/#website\"},\"primaryImageOfPage\":{\"@id\":\"https:\\\/\\\/winandofficews.com\\\/product\\\/microsoft-windows-10-professional-microsoft-office-2019-professional-plus-license-for-3-devices\\\/#primaryimage\"},\"image\":{\"@id\":\"https:\\\/\\\/winandofficews.com\\\/product\\\/microsoft-windows-10-professional-microsoft-office-2019-professional-plus-license-for-3-devices\\\/#primaryimage\"},\"thumbnailUrl\":\"https:\\\/\\\/winandofficews.com\\\/wp-content\\\/uploads\\\/W10PO19P.png\",\"datePublished\":\"2024-11-24T10:22:34+00:00\",\"dateModified\":\"2026-04-03T09:48:08+00:00\",\"breadcrumb\":{\"@id\":\"https:\\\/\\\/winandofficews.com\\\/product\\\/microsoft-windows-10-professional-microsoft-office-2019-professional-plus-license-for-3-devices\\\/#breadcrumb\"},\"inLanguage\":\"en-US\",\"potentialAction\":[{\"@type\":\"ReadAction\",\"target\":[\"https:\\\/\\\/winandofficews.com\\\/product\\\/microsoft-windows-10-professional-microsoft-office-2019-professional-plus-license-for-3-devices\\\/\"]}]},{\"@type\":\"ImageObject\",\"inLanguage\":\"en-US\",\"@id\":\"https:\\\/\\\/winandofficews.com\\\/product\\\/microsoft-windows-10-professional-microsoft-office-2019-professional-plus-license-for-3-devices\\\/#primaryimage\",\"url\":\"https:\\\/\\\/winandofficews.com\\\/wp-content\\\/uploads\\\/W10PO19P.png\",\"contentUrl\":\"https:\\\/\\\/winandofficews.com\\\/wp-content\\\/uploads\\\/W10PO19P.png\",\"width\":600,\"height\":600},{\"@type\":\"BreadcrumbList\",\"@id\":\"https:\\\/\\\/winandofficews.com\\\/product\\\/microsoft-windows-10-professional-microsoft-office-2019-professional-plus-license-for-3-devices\\\/#breadcrumb\",\"itemListElement\":[{\"@type\":\"ListItem\",\"position\":1,\"name\":\"Home\",\"item\":\"https:\\\/\\\/winandofficews.com\\\/\"},{\"@type\":\"ListItem\",\"position\":2,\"name\":\"Shop\",\"item\":\"https:\\\/\\\/winandofficews.com\\\/shop\\\/\"},{\"@type\":\"ListItem\",\"position\":3,\"name\":\"Microsoft Windows 10 Professional + Microsoft Office 2019 Professional Plus Lizenz f\u00fcr 3 PC\"}]},{\"@type\":\"WebSite\",\"@id\":\"https:\\\/\\\/winandofficews.com\\\/#website\",\"url\":\"https:\\\/\\\/winandofficews.com\\\/\",\"name\":\"Win & Office WS\",\"description\":\"Wholesales Store of Office\",\"publisher\":{\"@id\":\"https:\\\/\\\/winandofficews.com\\\/#organization\"},\"potentialAction\":[{\"@type\":\"SearchAction\",\"target\":{\"@type\":\"EntryPoint\",\"urlTemplate\":\"https:\\\/\\\/winandofficews.com\\\/?s={search_term_string}\"},\"query-input\":{\"@type\":\"PropertyValueSpecification\",\"valueRequired\":true,\"valueName\":\"search_term_string\"}}],\"inLanguage\":\"en-US\"},{\"@type\":\"Organization\",\"@id\":\"https:\\\/\\\/winandofficews.com\\\/#organization\",\"name\":\"Win & Office WS\",\"url\":\"https:\\\/\\\/winandofficews.com\\\/\",\"logo\":{\"@type\":\"ImageObject\",\"inLanguage\":\"en-US\",\"@id\":\"https:\\\/\\\/winandofficews.com\\\/#\\\/schema\\\/logo\\\/image\\\/\",\"url\":\"https:\\\/\\\/winandofficews.com\\\/wp-content\\\/uploads\\\/logo14.png\",\"contentUrl\":\"https:\\\/\\\/winandofficews.com\\\/wp-content\\\/uploads\\\/logo14.png\",\"width\":322,\"height\":116,\"caption\":\"Win & Office WS\"},\"image\":{\"@id\":\"https:\\\/\\\/winandofficews.com\\\/#\\\/schema\\\/logo\\\/image\\\/\"},\"sameAs\":[\"https:\\\/\\\/www.facebook.com\\\/winandofficews\\\/\",\"https:\\\/\\\/x.com\\\/WINDOWSANDOFFI1\",\"https:\\\/\\\/www.instagram.com\\\/winandoffice.ws\\\/\",\"https:\\\/\\\/de.pinterest.com\\\/winandofficews_official\\\/\",\"https:\\\/\\\/www.tiktok.com\\\/@winandofficews\",\"https:\\\/\\\/www.youtube.com\\\/channel\\\/UCPI87ZZIvl272mOtG5sL8Cg\",\"https:\\\/\\\/de.trustpilot.com\\\/review\\\/winandofficews.com\",\"https:\\\/\\\/www.trustami.com\\\/review\\\/win-and-office-wholesales-rating\"]}]}<\/script>\n<!-- \/ Yoast SEO plugin. -->","yoast_head_json":{"title":"Microsoft Windows 10 Professional + Microsoft Office 2019 Professional Plus Lizenz f\u00fcr 3 PC - Win &amp; Office WS","robots":{"index":"index","follow":"follow","max-snippet":"max-snippet:-1","max-image-preview":"max-image-preview:large","max-video-preview":"max-video-preview:-1"},"canonical":"https:\/\/winandofficews.com\/en\/product\/microsoft-windows-10-professional-microsoft-office-2019-professional-plus-license-for-3-devices\/","og_locale":"en_US","og_type":"article","og_title":"Microsoft Windows 10 Professional + Microsoft Office 2019 Professional Plus Lizenz f\u00fcr 3 PC - Win &amp; Office WS","og_description":"Microsoft Windows 10 Professional + Microsoft Office 2019 Professional Plus f\u00fcr 3 PC  Mit dieser Lizenz kann die Software auf 3 verschiedenen Ger\u00e4ten aktiviert werden, z. B. Heim-PC, Notebook und Arbeits-PC  Versionen f\u00fcr 32- und 64-Bit-Systeme verf\u00fcgbar  Versand per E-Mail: Produktschl\u00fcssel, Anleitung, Downloadlinks und Rechnung  30 Tage Geld-zur\u00fcck-Garantie \u2013 Lebenslange Ersatzgarantie  Sofort-Download  Keine zeitliche Begrenzung, kein Abonnement  Kostenloser Support bei Installation und Aktivierung  Keine Lieferung auf physischen Datentr\u00e4gern (USB, CD usw.)  Aktivierung online oder telefonisch  Kompatibel mit Windows  Nicht kompatibel mit macOS\u2122, Apple-Prozessoren, Parallels f\u00fcr Mac, Android-Ger\u00e4ten und Chromebooks","og_url":"https:\/\/winandofficews.com\/en\/product\/microsoft-windows-10-professional-microsoft-office-2019-professional-plus-license-for-3-devices\/","og_site_name":"Win &amp; Office WS","article_publisher":"https:\/\/www.facebook.com\/winandofficews\/","article_modified_time":"2026-04-03T09:48:08+00:00","og_image":[{"width":600,"height":600,"url":"https:\/\/winandofficews.com\/wp-content\/uploads\/W10PO19P.png","type":"image\/png"}],"twitter_card":"summary_large_image","twitter_site":"@WINDOWSANDOFFI1","twitter_misc":{"Est. reading time":"4 minutes"},"schema":{"@context":"https:\/\/schema.org","@graph":[{"@type":"WebPage","@id":"https:\/\/winandofficews.com\/product\/microsoft-windows-10-professional-microsoft-office-2019-professional-plus-license-for-3-devices\/","url":"https:\/\/winandofficews.com\/product\/microsoft-windows-10-professional-microsoft-office-2019-professional-plus-license-for-3-devices\/","name":"Microsoft Windows 10 Professional + Microsoft Office 2019 Professional Plus Lizenz f\u00fcr 3 PC - Win &amp; Office WS","isPartOf":{"@id":"https:\/\/winandofficews.com\/#website"},"primaryImageOfPage":{"@id":"https:\/\/winandofficews.com\/product\/microsoft-windows-10-professional-microsoft-office-2019-professional-plus-license-for-3-devices\/#primaryimage"},"image":{"@id":"https:\/\/winandofficews.com\/product\/microsoft-windows-10-professional-microsoft-office-2019-professional-plus-license-for-3-devices\/#primaryimage"},"thumbnailUrl":"https:\/\/winandofficews.com\/wp-content\/uploads\/W10PO19P.png","datePublished":"2024-11-24T10:22:34+00:00","dateModified":"2026-04-03T09:48:08+00:00","breadcrumb":{"@id":"https:\/\/winandofficews.com\/product\/microsoft-windows-10-professional-microsoft-office-2019-professional-plus-license-for-3-devices\/#breadcrumb"},"inLanguage":"en-US","potentialAction":[{"@type":"ReadAction","target":["https:\/\/winandofficews.com\/product\/microsoft-windows-10-professional-microsoft-office-2019-professional-plus-license-for-3-devices\/"]}]},{"@type":"ImageObject","inLanguage":"en-US","@id":"https:\/\/winandofficews.com\/product\/microsoft-windows-10-professional-microsoft-office-2019-professional-plus-license-for-3-devices\/#primaryimage","url":"https:\/\/winandofficews.com\/wp-content\/uploads\/W10PO19P.png","contentUrl":"https:\/\/winandofficews.com\/wp-content\/uploads\/W10PO19P.png","width":600,"height":600},{"@type":"BreadcrumbList","@id":"https:\/\/winandofficews.com\/product\/microsoft-windows-10-professional-microsoft-office-2019-professional-plus-license-for-3-devices\/#breadcrumb","itemListElement":[{"@type":"ListItem","position":1,"name":"Home","item":"https:\/\/winandofficews.com\/"},{"@type":"ListItem","position":2,"name":"Shop","item":"https:\/\/winandofficews.com\/shop\/"},{"@type":"ListItem","position":3,"name":"Microsoft Windows 10 Professional + Microsoft Office 2019 Professional Plus Lizenz f\u00fcr 3 PC"}]},{"@type":"WebSite","@id":"https:\/\/winandofficews.com\/#website","url":"https:\/\/winandofficews.com\/","name":"Win & Office WS","description":"Wholesales Store of Office","publisher":{"@id":"https:\/\/winandofficews.com\/#organization"},"potentialAction":[{"@type":"SearchAction","target":{"@type":"EntryPoint","urlTemplate":"https:\/\/winandofficews.com\/?s={search_term_string}"},"query-input":{"@type":"PropertyValueSpecification","valueRequired":true,"valueName":"search_term_string"}}],"inLanguage":"en-US"},{"@type":"Organization","@id":"https:\/\/winandofficews.com\/#organization","name":"Win & Office WS","url":"https:\/\/winandofficews.com\/","logo":{"@type":"ImageObject","inLanguage":"en-US","@id":"https:\/\/winandofficews.com\/#\/schema\/logo\/image\/","url":"https:\/\/winandofficews.com\/wp-content\/uploads\/logo14.png","contentUrl":"https:\/\/winandofficews.com\/wp-content\/uploads\/logo14.png","width":322,"height":116,"caption":"Win & Office WS"},"image":{"@id":"https:\/\/winandofficews.com\/#\/schema\/logo\/image\/"},"sameAs":["https:\/\/www.facebook.com\/winandofficews\/","https:\/\/x.com\/WINDOWSANDOFFI1","https:\/\/www.instagram.com\/winandoffice.ws\/","https:\/\/de.pinterest.com\/winandofficews_official\/","https:\/\/www.tiktok.com\/@winandofficews","https:\/\/www.youtube.com\/channel\/UCPI87ZZIvl272mOtG5sL8Cg","https:\/\/de.trustpilot.com\/review\/winandofficews.com","https:\/\/www.trustami.com\/review\/win-and-office-wholesales-rating"]}]}},"_links":{"self":[{"href":"https:\/\/winandofficews.com\/en\/wp-json\/wp\/v2\/product\/7969","targetHints":{"allow":["GET"]}}],"collection":[{"href":"https:\/\/winandofficews.com\/en\/wp-json\/wp\/v2\/product"}],"about":[{"href":"https:\/\/winandofficews.com\/en\/wp-json\/wp\/v2\/types\/product"}],"replies":[{"embeddable":true,"href":"https:\/\/winandofficews.com\/en\/wp-json\/wp\/v2\/comments?post=7969"}],"wp:featuredmedia":[{"embeddable":true,"href":"https:\/\/winandofficews.com\/en\/wp-json\/wp\/v2\/media\/7970"}],"wp:attachment":[{"href":"https:\/\/winandofficews.com\/en\/wp-json\/wp\/v2\/media?parent=7969"}],"wp:term":[{"taxonomy":"product_brand","embeddable":true,"href":"https:\/\/winandofficews.com\/en\/wp-json\/wp\/v2\/product_brand?post=7969"},{"taxonomy":"product_cat","embeddable":true,"href":"https:\/\/winandofficews.com\/en\/wp-json\/wp\/v2\/product_cat?post=7969"},{"taxonomy":"product_tag","embeddable":true,"href":"https:\/\/winandofficews.com\/en\/wp-json\/wp\/v2\/product_tag?post=7969"}],"curies":[{"name":"wp","href":"https:\/\/api.w.org\/{rel}","templated":true}]}}