{"id":3497,"date":"2021-06-29T16:20:15","date_gmt":"2021-06-29T16:20:15","guid":{"rendered":"https:\/\/winandofficews.com\/?page_id=3497"},"modified":"2025-08-25T20:39:53","modified_gmt":"2025-08-25T18:39:53","slug":"warranty-policy","status":"publish","type":"page","link":"https:\/\/winandofficews.com\/en\/warranty-policy\/","title":{"rendered":"Warranty conditions"},"content":{"rendered":"<section style=\"font-family: Arial, sans-serif; line-height: 1.6; max-width: 800px; margin: auto;\">\n<h2 style=\"color: #2c3e50;\">30-day money-back guarantee &amp; lifetime exchange guarantee<\/h2>\n<p><strong>WS Store<\/strong> offers a 30-day money-back guarantee on all products purchased. If you are not satisfied with your purchase, you can return it within 30 days for a full refund.<\/p>\n<p>After these 30 days we offer a <strong>Lifetime exchange guarantee<\/strong> on all defective products.<\/p>\n<h3 style=\"color: #34495e;\">Legal warranty<\/h3>\n<p>The statutory warranty period under German law is <strong>1 year<\/strong> from the date of purchase for defects attributable to faulty design, materials or workmanship.<\/p>\n<hr style=\"border: none; border-top: 1px gestrichelt #bbb; margin: 30px 0;\" \/>\n<h3 style=\"color: #34495e;\">Conditions for defective products<\/h3>\n<p>Repairs or replaces defective products <strong>WS Store<\/strong> the defective item free of charge at its own discretion, provided that the following conditions are met:<\/p>\n<ol style=\"padding-left: 20px;\">\n<li>The buyer must inform the seller immediately <strong>In writing<\/strong> about the defect.<\/li>\n<li>The defect must be <strong>defective design, materials or workmanship<\/strong> of the manufacturer or seller.<\/li>\n<li>The defective goods to be repaired or replaced are <strong>on request<\/strong> to the seller.<\/li>\n<li>If the goods were delivered by a <strong>Third-party suppliers<\/strong> manufactured and delivered to the seller, the warranty granted to the seller is transferred to the buyer.<\/li>\n<li>The seller reserves the right, at its own discretion, to <strong>the price<\/strong> of the defective goods if this has already been paid.<\/li>\n<\/ol>\n<\/section>","protected":false},"excerpt":{"rendered":"<p>30-t\u00e4gige Geld-zur\u00fcck-Garantie &#038; lebenslange Umtauschgarantie bietet eine 30-t\u00e4gige Geld-zur\u00fcck-Garantie auf alle gekauften Produkte. Sollten Sie mit Ihrem Kauf nicht zufrieden sein, k\u00f6nnen Sie ihn innerhalb von 30 Tagen zur\u00fcckgeben und erhalten den vollen Kaufpreis erstattet. Nach Ablauf dieser 30 Tage bieten wir eine lebenslange Umtauschgarantie auf alle defekten Produkte. Gesetzliche&hellip; <\/p>","protected":false},"author":1,"featured_media":0,"parent":0,"menu_order":0,"comment_status":"closed","ping_status":"closed","template":"","meta":{"_acf_changed":false,"footnotes":""},"class_list":["post-3497","page","type-page","status-publish","hentry"],"acf":[],"yoast_head":"<!-- This site is optimized with the Yoast SEO plugin v27.3 - https:\/\/yoast.com\/product\/yoast-seo-wordpress\/ -->\n<title>Garantiebedingungen - Win &amp; Office WS<\/title>\n<meta name=\"robots\" content=\"index, follow, max-snippet:-1, max-image-preview:large, max-video-preview:-1\" \/>\n<link rel=\"canonical\" href=\"https:\/\/winandofficews.com\/en\/warranty-policy\/\" \/>\n<meta property=\"og:locale\" content=\"en_US\" \/>\n<meta property=\"og:type\" content=\"article\" \/>\n<meta property=\"og:title\" content=\"Garantiebedingungen - Win &amp; Office WS\" \/>\n<meta property=\"og:description\" content=\"30-t\u00e4gige Geld-zur\u00fcck-Garantie &#038; lebenslange Umtauschgarantie bietet eine 30-t\u00e4gige Geld-zur\u00fcck-Garantie auf alle gekauften Produkte. Sollten Sie mit Ihrem Kauf nicht zufrieden sein, k\u00f6nnen Sie ihn innerhalb von 30 Tagen zur\u00fcckgeben und erhalten den vollen Kaufpreis erstattet. Nach Ablauf dieser 30 Tage bieten wir eine lebenslange Umtauschgarantie auf alle defekten Produkte. Gesetzliche&hellip;\" \/>\n<meta property=\"og:url\" content=\"https:\/\/winandofficews.com\/en\/warranty-policy\/\" \/>\n<meta property=\"og:site_name\" content=\"Win &amp; Office WS\" \/>\n<meta property=\"article:publisher\" content=\"https:\/\/www.facebook.com\/winandofficews\/\" \/>\n<meta property=\"article:modified_time\" content=\"2025-08-25T18:39:53+00:00\" \/>\n<meta name=\"twitter:card\" content=\"summary_large_image\" \/>\n<meta name=\"twitter:site\" content=\"@WINDOWSANDOFFI1\" \/>\n<meta name=\"twitter:label1\" content=\"Est. reading time\" \/>\n\t<meta name=\"twitter:data1\" content=\"1 minute\" \/>\n<script type=\"application\/ld+json\" class=\"yoast-schema-graph\">{\"@context\":\"https:\\\/\\\/schema.org\",\"@graph\":[{\"@type\":\"WebPage\",\"@id\":\"https:\\\/\\\/winandofficews.com\\\/warranty-policy\\\/\",\"url\":\"https:\\\/\\\/winandofficews.com\\\/warranty-policy\\\/\",\"name\":\"Garantiebedingungen - Win &amp; Office WS\",\"isPartOf\":{\"@id\":\"https:\\\/\\\/winandofficews.com\\\/#website\"},\"datePublished\":\"2021-06-29T16:20:15+00:00\",\"dateModified\":\"2025-08-25T18:39:53+00:00\",\"breadcrumb\":{\"@id\":\"https:\\\/\\\/winandofficews.com\\\/warranty-policy\\\/#breadcrumb\"},\"inLanguage\":\"en-US\",\"potentialAction\":[{\"@type\":\"ReadAction\",\"target\":[\"https:\\\/\\\/winandofficews.com\\\/warranty-policy\\\/\"]}]},{\"@type\":\"BreadcrumbList\",\"@id\":\"https:\\\/\\\/winandofficews.com\\\/warranty-policy\\\/#breadcrumb\",\"itemListElement\":[{\"@type\":\"ListItem\",\"position\":1,\"name\":\"Home\",\"item\":\"https:\\\/\\\/winandofficews.com\\\/\"},{\"@type\":\"ListItem\",\"position\":2,\"name\":\"Warranty Terms\"}]},{\"@type\":\"WebSite\",\"@id\":\"https:\\\/\\\/winandofficews.com\\\/#website\",\"url\":\"https:\\\/\\\/winandofficews.com\\\/\",\"name\":\"Win & Office WS\",\"description\":\"Wholesales Store of Office\",\"publisher\":{\"@id\":\"https:\\\/\\\/winandofficews.com\\\/#organization\"},\"potentialAction\":[{\"@type\":\"SearchAction\",\"target\":{\"@type\":\"EntryPoint\",\"urlTemplate\":\"https:\\\/\\\/winandofficews.com\\\/?s={search_term_string}\"},\"query-input\":{\"@type\":\"PropertyValueSpecification\",\"valueRequired\":true,\"valueName\":\"search_term_string\"}}],\"inLanguage\":\"en-US\"},{\"@type\":\"Organization\",\"@id\":\"https:\\\/\\\/winandofficews.com\\\/#organization\",\"name\":\"Win & Office WS\",\"url\":\"https:\\\/\\\/winandofficews.com\\\/\",\"logo\":{\"@type\":\"ImageObject\",\"inLanguage\":\"en-US\",\"@id\":\"https:\\\/\\\/winandofficews.com\\\/#\\\/schema\\\/logo\\\/image\\\/\",\"url\":\"https:\\\/\\\/winandofficews.com\\\/wp-content\\\/uploads\\\/logo14.png\",\"contentUrl\":\"https:\\\/\\\/winandofficews.com\\\/wp-content\\\/uploads\\\/logo14.png\",\"width\":322,\"height\":116,\"caption\":\"Win & Office WS\"},\"image\":{\"@id\":\"https:\\\/\\\/winandofficews.com\\\/#\\\/schema\\\/logo\\\/image\\\/\"},\"sameAs\":[\"https:\\\/\\\/www.facebook.com\\\/winandofficews\\\/\",\"https:\\\/\\\/x.com\\\/WINDOWSANDOFFI1\",\"https:\\\/\\\/www.instagram.com\\\/winandoffice.ws\\\/\",\"https:\\\/\\\/de.pinterest.com\\\/winandofficews_official\\\/\",\"https:\\\/\\\/www.tiktok.com\\\/@winandofficews\",\"https:\\\/\\\/www.youtube.com\\\/channel\\\/UCPI87ZZIvl272mOtG5sL8Cg\",\"https:\\\/\\\/de.trustpilot.com\\\/review\\\/winandofficews.com\",\"https:\\\/\\\/www.trustami.com\\\/review\\\/win-and-office-wholesales-rating\"]}]}<\/script>\n<!-- \/ Yoast SEO plugin. -->","yoast_head_json":{"title":"Garantiebedingungen - Win &amp; Office WS","robots":{"index":"index","follow":"follow","max-snippet":"max-snippet:-1","max-image-preview":"max-image-preview:large","max-video-preview":"max-video-preview:-1"},"canonical":"https:\/\/winandofficews.com\/en\/warranty-policy\/","og_locale":"en_US","og_type":"article","og_title":"Garantiebedingungen - Win &amp; Office WS","og_description":"30-t\u00e4gige Geld-zur\u00fcck-Garantie &#038; lebenslange Umtauschgarantie bietet eine 30-t\u00e4gige Geld-zur\u00fcck-Garantie auf alle gekauften Produkte. Sollten Sie mit Ihrem Kauf nicht zufrieden sein, k\u00f6nnen Sie ihn innerhalb von 30 Tagen zur\u00fcckgeben und erhalten den vollen Kaufpreis erstattet. Nach Ablauf dieser 30 Tage bieten wir eine lebenslange Umtauschgarantie auf alle defekten Produkte. Gesetzliche&hellip;","og_url":"https:\/\/winandofficews.com\/en\/warranty-policy\/","og_site_name":"Win &amp; Office WS","article_publisher":"https:\/\/www.facebook.com\/winandofficews\/","article_modified_time":"2025-08-25T18:39:53+00:00","twitter_card":"summary_large_image","twitter_site":"@WINDOWSANDOFFI1","twitter_misc":{"Est. reading time":"1 minute"},"schema":{"@context":"https:\/\/schema.org","@graph":[{"@type":"WebPage","@id":"https:\/\/winandofficews.com\/warranty-policy\/","url":"https:\/\/winandofficews.com\/warranty-policy\/","name":"Garantiebedingungen - Win &amp; Office WS","isPartOf":{"@id":"https:\/\/winandofficews.com\/#website"},"datePublished":"2021-06-29T16:20:15+00:00","dateModified":"2025-08-25T18:39:53+00:00","breadcrumb":{"@id":"https:\/\/winandofficews.com\/warranty-policy\/#breadcrumb"},"inLanguage":"en-US","potentialAction":[{"@type":"ReadAction","target":["https:\/\/winandofficews.com\/warranty-policy\/"]}]},{"@type":"BreadcrumbList","@id":"https:\/\/winandofficews.com\/warranty-policy\/#breadcrumb","itemListElement":[{"@type":"ListItem","position":1,"name":"Home","item":"https:\/\/winandofficews.com\/"},{"@type":"ListItem","position":2,"name":"Warranty Terms"}]},{"@type":"WebSite","@id":"https:\/\/winandofficews.com\/#website","url":"https:\/\/winandofficews.com\/","name":"Win &amp; Office WS","description":"Wholesales Store of Office","publisher":{"@id":"https:\/\/winandofficews.com\/#organization"},"potentialAction":[{"@type":"SearchAction","target":{"@type":"EntryPoint","urlTemplate":"https:\/\/winandofficews.com\/?s={search_term_string}"},"query-input":{"@type":"PropertyValueSpecification","valueRequired":true,"valueName":"search_term_string"}}],"inLanguage":"en-US"},{"@type":"Organization","@id":"https:\/\/winandofficews.com\/#organization","name":"Win &amp; Office WS","url":"https:\/\/winandofficews.com\/","logo":{"@type":"ImageObject","inLanguage":"en-US","@id":"https:\/\/winandofficews.com\/#\/schema\/logo\/image\/","url":"https:\/\/winandofficews.com\/wp-content\/uploads\/logo14.png","contentUrl":"https:\/\/winandofficews.com\/wp-content\/uploads\/logo14.png","width":322,"height":116,"caption":"Win & Office WS"},"image":{"@id":"https:\/\/winandofficews.com\/#\/schema\/logo\/image\/"},"sameAs":["https:\/\/www.facebook.com\/winandofficews\/","https:\/\/x.com\/WINDOWSANDOFFI1","https:\/\/www.instagram.com\/winandoffice.ws\/","https:\/\/de.pinterest.com\/winandofficews_official\/","https:\/\/www.tiktok.com\/@winandofficews","https:\/\/www.youtube.com\/channel\/UCPI87ZZIvl272mOtG5sL8Cg","https:\/\/de.trustpilot.com\/review\/winandofficews.com","https:\/\/www.trustami.com\/review\/win-and-office-wholesales-rating"]}]}},"_links":{"self":[{"href":"https:\/\/winandofficews.com\/en\/wp-json\/wp\/v2\/pages\/3497","targetHints":{"allow":["GET"]}}],"collection":[{"href":"https:\/\/winandofficews.com\/en\/wp-json\/wp\/v2\/pages"}],"about":[{"href":"https:\/\/winandofficews.com\/en\/wp-json\/wp\/v2\/types\/page"}],"author":[{"embeddable":true,"href":"https:\/\/winandofficews.com\/en\/wp-json\/wp\/v2\/users\/1"}],"replies":[{"embeddable":true,"href":"https:\/\/winandofficews.com\/en\/wp-json\/wp\/v2\/comments?post=3497"}],"version-history":[{"count":0,"href":"https:\/\/winandofficews.com\/en\/wp-json\/wp\/v2\/pages\/3497\/revisions"}],"wp:attachment":[{"href":"https:\/\/winandofficews.com\/en\/wp-json\/wp\/v2\/media?parent=3497"}],"curies":[{"name":"wp","href":"https:\/\/api.w.org\/{rel}","templated":true}]}}